{"id":12203,"date":"2022-11-17T16:09:41","date_gmt":"2022-11-17T14:09:41","guid":{"rendered":"https:\/\/abpolar-ee.vserver.zonevs.eu\/?post_type=product&#038;p=12203"},"modified":"2024-01-15T11:11:40","modified_gmt":"2024-01-15T09:11:40","slug":"grasgaller","status":"publish","type":"product","link":"https:\/\/abpolar.ee\/sv\/produkt\/grasgaller\/","title":{"rendered":"Gr\u00e4sgaller"},"content":{"rendered":"<h2>Gr\u00e4sgaller 400x600x33mm svart<\/h2>\n<p>Att anv\u00e4nda ett gr\u00e4sgaller hj\u00e4lper till att h\u00e5lla gr\u00e4smattan ren: utan lera, p\u00f6lar och d\u00e4cksp\u00e5r.<br \/>\nL\u00e4mplig f\u00f6r anv\u00e4ndning p\u00e5 uppfarter; det \u00e4r ett bra alternativ till betongplattor.<br \/>\nAttraktivt och estetiskt utseende.<br \/>\nGr\u00e4sgallrets maximala lastkapacitet beror p\u00e5 markens h\u00e4rdning och kan vara upp till 3600 kg<br \/>\nM\u00e5tt: 600x400x33mm<\/p>\n","protected":false},"excerpt":{"rendered":"<p>Gr\u00e4sgaller 400x600x33mm svart Att anv\u00e4nda ett gr\u00e4sgaller hj\u00e4lper till att h\u00e5lla gr\u00e4smattan ren: utan lera,&#8230;<\/p>\n","protected":false},"featured_media":9613,"template":"","meta":{"_acf_changed":false,"inline_featured_image":false},"product_brand":[],"product_cat":[527,501],"product_tag":[],"class_list":{"0":"post-12203","1":"product","2":"type-product","3":"status-publish","4":"has-post-thumbnail","6":"product_cat-grasgaller","7":"product_cat-tradgardsvaror","8":"product_shipping_class-litet-paket","10":"first","11":"instock","12":"taxable","13":"shipping-taxable","14":"purchasable","15":"product-type-simple"},"acf":[],"_links":{"self":[{"href":"https:\/\/abpolar.ee\/sv\/wp-json\/wp\/v2\/product\/12203","targetHints":{"allow":["GET"]}}],"collection":[{"href":"https:\/\/abpolar.ee\/sv\/wp-json\/wp\/v2\/product"}],"about":[{"href":"https:\/\/abpolar.ee\/sv\/wp-json\/wp\/v2\/types\/product"}],"wp:featuredmedia":[{"embeddable":true,"href":"https:\/\/abpolar.ee\/sv\/wp-json\/wp\/v2\/media\/9613"}],"wp:attachment":[{"href":"https:\/\/abpolar.ee\/sv\/wp-json\/wp\/v2\/media?parent=12203"}],"wp:term":[{"taxonomy":"product_brand","embeddable":true,"href":"https:\/\/abpolar.ee\/sv\/wp-json\/wp\/v2\/product_brand?post=12203"},{"taxonomy":"product_cat","embeddable":true,"href":"https:\/\/abpolar.ee\/sv\/wp-json\/wp\/v2\/product_cat?post=12203"},{"taxonomy":"product_tag","embeddable":true,"href":"https:\/\/abpolar.ee\/sv\/wp-json\/wp\/v2\/product_tag?post=12203"}],"curies":[{"name":"wp","href":"https:\/\/api.w.org\/{rel}","templated":true}]}}