{"id":12205,"date":"2022-11-17T16:08:06","date_gmt":"2022-11-17T14:08:06","guid":{"rendered":"https:\/\/abpolar-ee.vserver.zonevs.eu\/?post_type=product&#038;p=12205"},"modified":"2025-07-24T19:51:36","modified_gmt":"2025-07-24T16:51:36","slug":"kantskydd-45x100-cm-svart","status":"publish","type":"product","link":"https:\/\/abpolar.ee\/sv\/produkt\/kantskydd-45x100-cm-svart\/","title":{"rendered":"Kantskydd 4,5&#215;100 cm, svart"},"content":{"rendered":"<h2>Kantskydd 4,5&#215;100 cm, svart<\/h2>\n<p>Flexibelt kantskydd f\u00f6r avgr\u00e4nsningar!<\/p>\n<p>Ett flexibelt kantskydd med m\u00e5nga anv\u00e4ndningsomr\u00e5den. Med detta kantskydd kan du exempelvis enkelt skapa avgr\u00e4nsningar i dina rabatter eller vackra g\u00e5ngstr\u00e5k i tr\u00e4dg\u00e5rden.<\/p>\n<p>Obs! Markspjut f\u00f6r montering av kantskenan kan k\u00f6pas separat.<\/p>\n<p>Teknisk information:<br \/>\nH\u00f6jd: 4,5 cm<br \/>\nL\u00e4ngd: 1 m<\/p>\n","protected":false},"excerpt":{"rendered":"<p>Kantskydd 4,5&#215;100 cm, svart Flexibelt kantskydd f\u00f6r avgr\u00e4nsningar! Ett flexibelt kantskydd med m\u00e5nga anv\u00e4ndningsomr\u00e5den. Med&#8230;<\/p>\n","protected":false},"featured_media":9616,"template":"","meta":{"_acf_changed":false,"inline_featured_image":false},"product_brand":[],"product_cat":[531,501],"product_tag":[],"class_list":{"0":"post-12205","1":"product","2":"type-product","3":"status-publish","4":"has-post-thumbnail","6":"product_cat-rabattkanter","7":"product_cat-tradgardsvaror","8":"product_shipping_class-litet-paket","10":"first","11":"instock","12":"taxable","13":"shipping-taxable","14":"purchasable","15":"product-type-simple"},"acf":[],"_links":{"self":[{"href":"https:\/\/abpolar.ee\/sv\/wp-json\/wp\/v2\/product\/12205","targetHints":{"allow":["GET"]}}],"collection":[{"href":"https:\/\/abpolar.ee\/sv\/wp-json\/wp\/v2\/product"}],"about":[{"href":"https:\/\/abpolar.ee\/sv\/wp-json\/wp\/v2\/types\/product"}],"wp:featuredmedia":[{"embeddable":true,"href":"https:\/\/abpolar.ee\/sv\/wp-json\/wp\/v2\/media\/9616"}],"wp:attachment":[{"href":"https:\/\/abpolar.ee\/sv\/wp-json\/wp\/v2\/media?parent=12205"}],"wp:term":[{"taxonomy":"product_brand","embeddable":true,"href":"https:\/\/abpolar.ee\/sv\/wp-json\/wp\/v2\/product_brand?post=12205"},{"taxonomy":"product_cat","embeddable":true,"href":"https:\/\/abpolar.ee\/sv\/wp-json\/wp\/v2\/product_cat?post=12205"},{"taxonomy":"product_tag","embeddable":true,"href":"https:\/\/abpolar.ee\/sv\/wp-json\/wp\/v2\/product_tag?post=12205"}],"curies":[{"name":"wp","href":"https:\/\/api.w.org\/{rel}","templated":true}]}}