{"id":12211,"date":"2022-11-17T16:08:07","date_gmt":"2022-11-17T14:08:07","guid":{"rendered":"https:\/\/abpolar-ee.vserver.zonevs.eu\/?post_type=product&#038;p=12211"},"modified":"2024-01-15T12:12:04","modified_gmt":"2024-01-15T10:12:04","slug":"vintervagsalt-25-kg","status":"publish","type":"product","link":"https:\/\/abpolar.ee\/sv\/produkt\/vintervagsalt-25-kg\/","title":{"rendered":"Vinterv\u00e4gsalt\u00a025 kg"},"content":{"rendered":"<h2>Vinterv\u00e4gsalt\u00a025 kg<\/h2>\n<p>Gatusalt mot halka, i en p\u00e5se.<\/p>\n<p>Anv\u00e4ndning: Produkten inneh\u00e5ller korn av olika storlekar, vilket s\u00e4kerst\u00e4ller en snabb och l\u00e5ngvarig sm\u00e4ltprocess.<br \/>\nProdukten \u00e4r mest effektiv vid temperaturer mellan 0C och 22C.<br \/>\nVid l\u00e5ga temperaturer ger den bra halks\u00e4kerhet n\u00e4r den blandas med sand.<br \/>\nVarning: * Produkten rekommenderas inte f\u00f6r anv\u00e4ndning p\u00e5 v\u00e4gytor som inneh\u00e5ller kalksten.<\/p>\n<p>* Undvik att f\u00e5 produkten p\u00e5 tr\u00e4d och v\u00e4xter.<\/p>\n<p>* Undvik att f\u00e5 in produkten i \u00f6gonen och huden.<\/p>\n","protected":false},"excerpt":{"rendered":"<p>Vinterv\u00e4gsalt\u00a025 kg Gatusalt mot halka, i en p\u00e5se. Anv\u00e4ndning: Produkten inneh\u00e5ller korn av olika storlekar,&#8230;<\/p>\n","protected":false},"featured_media":9704,"template":"","meta":{"_acf_changed":false,"inline_featured_image":false},"product_brand":[],"product_cat":[513],"product_tag":[],"class_list":{"0":"post-12211","1":"product","2":"type-product","3":"status-publish","4":"has-post-thumbnail","6":"product_cat-vinter","7":"product_shipping_class-paket-upp-till-30kg","9":"first","10":"instock","11":"sale","12":"taxable","13":"shipping-taxable","14":"purchasable","15":"product-type-simple"},"acf":[],"_links":{"self":[{"href":"https:\/\/abpolar.ee\/sv\/wp-json\/wp\/v2\/product\/12211","targetHints":{"allow":["GET"]}}],"collection":[{"href":"https:\/\/abpolar.ee\/sv\/wp-json\/wp\/v2\/product"}],"about":[{"href":"https:\/\/abpolar.ee\/sv\/wp-json\/wp\/v2\/types\/product"}],"wp:featuredmedia":[{"embeddable":true,"href":"https:\/\/abpolar.ee\/sv\/wp-json\/wp\/v2\/media\/9704"}],"wp:attachment":[{"href":"https:\/\/abpolar.ee\/sv\/wp-json\/wp\/v2\/media?parent=12211"}],"wp:term":[{"taxonomy":"product_brand","embeddable":true,"href":"https:\/\/abpolar.ee\/sv\/wp-json\/wp\/v2\/product_brand?post=12211"},{"taxonomy":"product_cat","embeddable":true,"href":"https:\/\/abpolar.ee\/sv\/wp-json\/wp\/v2\/product_cat?post=12211"},{"taxonomy":"product_tag","embeddable":true,"href":"https:\/\/abpolar.ee\/sv\/wp-json\/wp\/v2\/product_tag?post=12211"}],"curies":[{"name":"wp","href":"https:\/\/api.w.org\/{rel}","templated":true}]}}