{"id":12215,"date":"2022-11-17T16:08:50","date_gmt":"2022-11-17T14:08:50","guid":{"rendered":"https:\/\/abpolar-ee.vserver.zonevs.eu\/?post_type=product&#038;p=12215"},"modified":"2025-12-22T11:02:01","modified_gmt":"2025-12-22T09:02:01","slug":"hundbur-stal-m","status":"publish","type":"product","link":"https:\/\/abpolar.ee\/sv\/produkt\/hundbur-stal-m\/","title":{"rendered":"Hundbur St\u00e5l M"},"content":{"rendered":"<h2>Hundbur St\u00e5l M<\/h2>\n<ul>\n<li>Buren har 2 d\u00f6rrar &#8211; placerade i \u00e4nden och sidan av buren,<\/li>\n<li>buren \u00e4r l\u00e4tt att montera<\/li>\n<li>botten av buren \u00e4r gjord av l\u00e4tt plast,<\/li>\n<li>l\u00e4tt att st\u00e4da,<\/li>\n<li>plasthandtag<\/li>\n<li>inomhus och b\u00e4rbar<\/li>\n<li>st\u00e5ltr\u00e5d 2,3 mm, 3,3 mm<\/li>\n<li><strong>M- storlek 91x58x64cm<\/strong><\/li>\n<\/ul>\n","protected":false},"excerpt":{"rendered":"<p>Hundbur St\u00e5l M Buren har 2 d\u00f6rrar &#8211; placerade i \u00e4nden och sidan av buren,&#8230;<\/p>\n","protected":false},"featured_media":9650,"template":"","meta":{"_acf_changed":false,"inline_featured_image":false},"product_brand":[],"product_cat":[469,464],"product_tag":[],"class_list":{"0":"post-12215","1":"product","2":"type-product","3":"status-publish","4":"has-post-thumbnail","6":"product_cat-hundburar","7":"product_cat-husdjur","8":"product_shipping_class-paket-upp-till-30kg","10":"first","11":"instock","12":"taxable","13":"shipping-taxable","14":"purchasable","15":"product-type-simple"},"acf":[],"_links":{"self":[{"href":"https:\/\/abpolar.ee\/sv\/wp-json\/wp\/v2\/product\/12215","targetHints":{"allow":["GET"]}}],"collection":[{"href":"https:\/\/abpolar.ee\/sv\/wp-json\/wp\/v2\/product"}],"about":[{"href":"https:\/\/abpolar.ee\/sv\/wp-json\/wp\/v2\/types\/product"}],"wp:featuredmedia":[{"embeddable":true,"href":"https:\/\/abpolar.ee\/sv\/wp-json\/wp\/v2\/media\/9650"}],"wp:attachment":[{"href":"https:\/\/abpolar.ee\/sv\/wp-json\/wp\/v2\/media?parent=12215"}],"wp:term":[{"taxonomy":"product_brand","embeddable":true,"href":"https:\/\/abpolar.ee\/sv\/wp-json\/wp\/v2\/product_brand?post=12215"},{"taxonomy":"product_cat","embeddable":true,"href":"https:\/\/abpolar.ee\/sv\/wp-json\/wp\/v2\/product_cat?post=12215"},{"taxonomy":"product_tag","embeddable":true,"href":"https:\/\/abpolar.ee\/sv\/wp-json\/wp\/v2\/product_tag?post=12215"}],"curies":[{"name":"wp","href":"https:\/\/api.w.org\/{rel}","templated":true}]}}