{"id":12217,"date":"2022-11-17T16:08:51","date_gmt":"2022-11-17T14:08:51","guid":{"rendered":"https:\/\/abpolar-ee.vserver.zonevs.eu\/?post_type=product&#038;p=12217"},"modified":"2024-01-15T12:33:52","modified_gmt":"2024-01-15T10:33:52","slug":"hundbur-stal-l","status":"publish","type":"product","link":"https:\/\/abpolar.ee\/sv\/produkt\/hundbur-stal-l\/","title":{"rendered":"Hundbur St\u00e5l L"},"content":{"rendered":"<h2>Hundbur St\u00e5l L<\/h2>\n<ul>\n<li>Buren har 2 d\u00f6rrar &#8211; placerade i \u00e4nden och sidan av buren,<\/li>\n<li>buren \u00e4r l\u00e4tt att montera<\/li>\n<li>botten av buren \u00e4r gjord av l\u00e4tt plast,<\/li>\n<li>l\u00e4tt att st\u00e4da,<\/li>\n<li>plasthandtag<\/li>\n<li>inomhus och b\u00e4rbar<\/li>\n<li>st\u00e5ltr\u00e5d 2,3 mm, 3,3 mm<\/li>\n<li><strong>L- storlek 107x71x76cm<\/strong><\/li>\n<\/ul>\n","protected":false},"excerpt":{"rendered":"<p>Hundbur St\u00e5l L Buren har 2 d\u00f6rrar &#8211; placerade i \u00e4nden och sidan av buren,&#8230;<\/p>\n","protected":false},"featured_media":9650,"template":"","meta":{"_acf_changed":false,"inline_featured_image":false},"product_brand":[],"product_cat":[469,464],"product_tag":[],"class_list":{"0":"post-12217","1":"product","2":"type-product","3":"status-publish","4":"has-post-thumbnail","6":"product_cat-hundburar","7":"product_cat-husdjur","8":"product_shipping_class-paket-upp-till-30kg","10":"first","11":"instock","12":"taxable","13":"shipping-taxable","14":"purchasable","15":"product-type-simple"},"acf":[],"_links":{"self":[{"href":"https:\/\/abpolar.ee\/sv\/wp-json\/wp\/v2\/product\/12217","targetHints":{"allow":["GET"]}}],"collection":[{"href":"https:\/\/abpolar.ee\/sv\/wp-json\/wp\/v2\/product"}],"about":[{"href":"https:\/\/abpolar.ee\/sv\/wp-json\/wp\/v2\/types\/product"}],"wp:featuredmedia":[{"embeddable":true,"href":"https:\/\/abpolar.ee\/sv\/wp-json\/wp\/v2\/media\/9650"}],"wp:attachment":[{"href":"https:\/\/abpolar.ee\/sv\/wp-json\/wp\/v2\/media?parent=12217"}],"wp:term":[{"taxonomy":"product_brand","embeddable":true,"href":"https:\/\/abpolar.ee\/sv\/wp-json\/wp\/v2\/product_brand?post=12217"},{"taxonomy":"product_cat","embeddable":true,"href":"https:\/\/abpolar.ee\/sv\/wp-json\/wp\/v2\/product_cat?post=12217"},{"taxonomy":"product_tag","embeddable":true,"href":"https:\/\/abpolar.ee\/sv\/wp-json\/wp\/v2\/product_tag?post=12217"}],"curies":[{"name":"wp","href":"https:\/\/api.w.org\/{rel}","templated":true}]}}