{"id":12228,"date":"2022-11-17T16:09:47","date_gmt":"2022-11-17T14:09:47","guid":{"rendered":"https:\/\/abpolar-ee.vserver.zonevs.eu\/?post_type=product&#038;p=12228"},"modified":"2024-01-15T13:34:54","modified_gmt":"2024-01-15T11:34:54","slug":"hundbur-tillverkad-av-aluminium-xl","status":"publish","type":"product","link":"https:\/\/abpolar.ee\/sv\/produkt\/hundbur-tillverkad-av-aluminium-xl\/","title":{"rendered":"Hundbur tillverkad av aluminium XL"},"content":{"rendered":"<h2>Hundbur tillverkad av aluminium XL<\/h2>\n<p>Skydda ditt husdjur p\u00e5 alla bilresor!<br \/>\nHundburen i aluminium \u00e4r t\u00e5lig och l\u00e4tt tack vare gallret<br \/>\ns\u00e4kerst\u00e4ller syrecirkulationen.<br \/>\nM\u00e5tt: 97x91x69,5 cm (LxBxH)<br \/>\nMaterial: aluminium + MDF<br \/>\nVikt: 22kg<br \/>\nLutningar: 75\u00b0\/75\u00b0<br \/>\nPartitionen \u00e4r borttagbar<\/p>\n","protected":false},"excerpt":{"rendered":"<p>Hundbur tillverkad av aluminium XL Skydda ditt husdjur p\u00e5 alla bilresor! Hundburen i aluminium \u00e4r&#8230;<\/p>\n","protected":false},"featured_media":9646,"template":"","meta":{"_acf_changed":false,"inline_featured_image":false},"product_brand":[],"product_cat":[469,464],"product_tag":[],"class_list":{"0":"post-12228","1":"product","2":"type-product","3":"status-publish","4":"has-post-thumbnail","6":"product_cat-hundburar","7":"product_cat-husdjur","8":"product_shipping_class-paket-upp-till-30kg","10":"first","11":"instock","12":"taxable","13":"shipping-taxable","14":"purchasable","15":"product-type-simple"},"acf":[],"_links":{"self":[{"href":"https:\/\/abpolar.ee\/sv\/wp-json\/wp\/v2\/product\/12228","targetHints":{"allow":["GET"]}}],"collection":[{"href":"https:\/\/abpolar.ee\/sv\/wp-json\/wp\/v2\/product"}],"about":[{"href":"https:\/\/abpolar.ee\/sv\/wp-json\/wp\/v2\/types\/product"}],"wp:featuredmedia":[{"embeddable":true,"href":"https:\/\/abpolar.ee\/sv\/wp-json\/wp\/v2\/media\/9646"}],"wp:attachment":[{"href":"https:\/\/abpolar.ee\/sv\/wp-json\/wp\/v2\/media?parent=12228"}],"wp:term":[{"taxonomy":"product_brand","embeddable":true,"href":"https:\/\/abpolar.ee\/sv\/wp-json\/wp\/v2\/product_brand?post=12228"},{"taxonomy":"product_cat","embeddable":true,"href":"https:\/\/abpolar.ee\/sv\/wp-json\/wp\/v2\/product_cat?post=12228"},{"taxonomy":"product_tag","embeddable":true,"href":"https:\/\/abpolar.ee\/sv\/wp-json\/wp\/v2\/product_tag?post=12228"}],"curies":[{"name":"wp","href":"https:\/\/api.w.org\/{rel}","templated":true}]}}