{"id":12233,"date":"2022-11-11T14:32:35","date_gmt":"2022-11-11T12:32:35","guid":{"rendered":"https:\/\/abpolar-ee.vserver.zonevs.eu\/?post_type=product&#038;p=12233"},"modified":"2024-01-15T13:48:46","modified_gmt":"2024-01-15T11:48:46","slug":"studsmatta-244-cm-med-skyddsnat","status":"publish","type":"product","link":"https:\/\/abpolar.ee\/sv\/produkt\/studsmatta-244-cm-med-skyddsnat\/","title":{"rendered":"Studsmatta 244 cm med skyddsn\u00e4t"},"content":{"rendered":"<h2 id=\"tw-target-text\" class=\"tw-data-text tw-text-large tw-ta\" dir=\"ltr\" data-placeholder=\"T\u00f5lge\" data-ved=\"2ahUKEwiWz-S6-96DAxXZRPEDHa7xCAwQ3ewLegQIBRAQ\"><span class=\"Y2IQFc\" lang=\"sv\">Studsmatta 244 cm med skyddsn\u00e4t<\/span><\/h2>\n<p id=\"tw-target-text\" class=\"tw-data-text tw-text-large tw-ta\" dir=\"ltr\" data-placeholder=\"T\u00f5lge\" data-ved=\"2ahUKEwiWz-S6-96DAxXZRPEDHa7xCAwQ3ewLegQIBRAQ\"><span class=\"Y2IQFc\" lang=\"sv\">Studsmattor ger barn mycket gl\u00e4dje och garanterar deras s\u00e4kerhet.<br \/>\nTrampolinens hoppyta \u00e4r kopplad till ett skyddsn\u00e4t, s\u00e5 att barnets f\u00f6tter eller h\u00e4nder inte kan komma mellan fj\u00e4drarna vid hoppning.<br \/>\nDessutom s\u00e4kerst\u00e4ller strukturen p\u00e5 studsmattans ram att barnet inte kan sl\u00e5 i n\u00e4tspj\u00e4lorna.<\/span><\/p>\n<p id=\"tw-target-text\" class=\"tw-data-text tw-text-large tw-ta\" dir=\"ltr\" data-placeholder=\"T\u00f5lge\" data-ved=\"2ahUKEwiWz-S6-96DAxXZRPEDHa7xCAwQ3ewLegQIBRAQ\"><span class=\"Y2IQFc\" lang=\"sv\">Studsmatta med skyddsn\u00e4t och stege.<br \/>\nTillverkad av h\u00f6gkvalitativa material<br \/>\nStark och stabil<br \/>\nBest\u00e4ndig mot UV-str\u00e5lning<br \/>\nMed fj\u00e4drar i rostfritt st\u00e5l<br \/>\nSkyddsn\u00e4tet \u00e4r motst\u00e5ndskraftigt mot alla v\u00e4derf\u00f6rh\u00e5llanden<br \/>\nPVC+EP skumlager 12mm skyddar dina barn fr\u00e5n st\u00f6tar och skador p\u00e5 ramen.<br \/>\nUppfyller den europeiska standarden CE&amp;GS<br \/>\nTrampolinens diameter: 244 cm<br \/>\nM\u00e5tt: 244\u00d7235 cm.<br \/>\nGalvaniserade fj\u00e4drar: 48 st.<br \/>\nStudsmattas ramh\u00f6jd: 55 cm.<br \/>\nH\u00f6jd p\u00e5 skyddsn\u00e4t: 180 cm.<br \/>\nVikt: 40 kg.<br \/>\nMax anv\u00e4ndarvikt: 150 kg.<br \/>\nInstallera p\u00e5 en plan yta<br \/>\nL\u00e4tt att installera<\/span><\/p>\n","protected":false},"excerpt":{"rendered":"<p>Studsmatta 244 cm med skyddsn\u00e4t Studsmattor ger barn mycket gl\u00e4dje och garanterar deras s\u00e4kerhet. Trampolinens&#8230;<\/p>\n","protected":false},"featured_media":9322,"template":"","meta":{"_acf_changed":false,"inline_featured_image":false},"product_brand":[],"product_cat":[488],"product_tag":[],"class_list":{"0":"post-12233","1":"product","2":"type-product","3":"status-publish","4":"has-post-thumbnail","6":"product_cat-for-barn","7":"product_shipping_class-paket-upp-till-30kg","9":"first","10":"instock","11":"taxable","12":"shipping-taxable","13":"purchasable","14":"product-type-simple"},"acf":[],"_links":{"self":[{"href":"https:\/\/abpolar.ee\/sv\/wp-json\/wp\/v2\/product\/12233","targetHints":{"allow":["GET"]}}],"collection":[{"href":"https:\/\/abpolar.ee\/sv\/wp-json\/wp\/v2\/product"}],"about":[{"href":"https:\/\/abpolar.ee\/sv\/wp-json\/wp\/v2\/types\/product"}],"wp:featuredmedia":[{"embeddable":true,"href":"https:\/\/abpolar.ee\/sv\/wp-json\/wp\/v2\/media\/9322"}],"wp:attachment":[{"href":"https:\/\/abpolar.ee\/sv\/wp-json\/wp\/v2\/media?parent=12233"}],"wp:term":[{"taxonomy":"product_brand","embeddable":true,"href":"https:\/\/abpolar.ee\/sv\/wp-json\/wp\/v2\/product_brand?post=12233"},{"taxonomy":"product_cat","embeddable":true,"href":"https:\/\/abpolar.ee\/sv\/wp-json\/wp\/v2\/product_cat?post=12233"},{"taxonomy":"product_tag","embeddable":true,"href":"https:\/\/abpolar.ee\/sv\/wp-json\/wp\/v2\/product_tag?post=12233"}],"curies":[{"name":"wp","href":"https:\/\/api.w.org\/{rel}","templated":true}]}}