{"id":12235,"date":"2022-11-17T16:08:10","date_gmt":"2022-11-17T14:08:10","guid":{"rendered":"https:\/\/abpolar-ee.vserver.zonevs.eu\/?post_type=product&#038;p=12235"},"modified":"2024-01-15T13:47:15","modified_gmt":"2024-01-15T11:47:15","slug":"hundgard-305x305x180cm","status":"publish","type":"product","link":"https:\/\/abpolar.ee\/sv\/produkt\/hundgard-305x305x180cm\/","title":{"rendered":"Hundg\u00e5rd 305x305x180cm"},"content":{"rendered":"<h2>Hundg\u00e5rd 305x305x180cm<\/h2>\n<p>Hundstaketet \u00e4r tillverkat av varmf\u00f6rzinkad metall och \u00e4r d\u00e4rf\u00f6r h\u00e5llbart.<\/p>\n<p><strong>St\u00e5lr\u00f6r: 32\u00d71,0mm<\/strong><br \/>\n<strong>Maskstorlek p\u00e5 st\u00e5ln\u00e4t: 55x55mm<\/strong><br \/>\n<strong>Galvaniserad tr\u00e5ddiameter: 2,5 mm<\/strong><br \/>\n<strong>Bredd: 305 x 305 cm<\/strong><br \/>\n<strong>H\u00f6jd: 180 cm<\/strong><\/p>\n<p>H\u00f6jden p\u00e5 hundl\u00e5dan m\u00e5ste vara minst lika med tv\u00e5 g\u00e5nger l\u00e4ngden p\u00e5 hunden som h\u00e5lls i den fr\u00e5n br\u00f6stbenet till svansbasen.<br \/>\nOm flera hundar h\u00e5lls i samma bur best\u00e4ms h\u00f6jden p\u00e5 buren av den st\u00f6rsta hunden.<br \/>\nN\u00e4r du bygger ett hundh\u00e4gn, t\u00e4nk ocks\u00e5 p\u00e5 om hunden tillbringar tid d\u00e4r bara en liten del av dagen eller konstant.<br \/>\nEn hund som st\u00e4ndigt \u00e4r i bur m\u00e5ste ocks\u00e5 ha en s\u00e4ng och en matplats i tr\u00e4dg\u00e5rden.<br \/>\nD\u00e4rf\u00f6r rekommenderar vi att bygga en lite st\u00f6rre \u00e4n en liten tr\u00e4dg\u00e5rd.<\/p>\n<p>OBS! Hundl\u00e5dorna beh\u00f6ver monteras sj\u00e4lv, de levereras i paket.<\/p>\n","protected":false},"excerpt":{"rendered":"<p>Hundg\u00e5rd 305x305x180cm Hundstaketet \u00e4r tillverkat av varmf\u00f6rzinkad metall och \u00e4r d\u00e4rf\u00f6r h\u00e5llbart. St\u00e5lr\u00f6r: 32\u00d71,0mm Maskstorlek&#8230;<\/p>\n","protected":false},"featured_media":9628,"template":"","meta":{"_acf_changed":false,"inline_featured_image":false},"product_brand":[],"product_cat":[467],"product_tag":[],"class_list":{"0":"post-12235","1":"product","2":"type-product","3":"status-publish","4":"has-post-thumbnail","6":"product_cat-hundkennel-hundrastgard","8":"first","9":"instock","10":"taxable","11":"shipping-taxable","12":"purchasable","13":"product-type-simple"},"acf":[],"_links":{"self":[{"href":"https:\/\/abpolar.ee\/sv\/wp-json\/wp\/v2\/product\/12235","targetHints":{"allow":["GET"]}}],"collection":[{"href":"https:\/\/abpolar.ee\/sv\/wp-json\/wp\/v2\/product"}],"about":[{"href":"https:\/\/abpolar.ee\/sv\/wp-json\/wp\/v2\/types\/product"}],"wp:featuredmedia":[{"embeddable":true,"href":"https:\/\/abpolar.ee\/sv\/wp-json\/wp\/v2\/media\/9628"}],"wp:attachment":[{"href":"https:\/\/abpolar.ee\/sv\/wp-json\/wp\/v2\/media?parent=12235"}],"wp:term":[{"taxonomy":"product_brand","embeddable":true,"href":"https:\/\/abpolar.ee\/sv\/wp-json\/wp\/v2\/product_brand?post=12235"},{"taxonomy":"product_cat","embeddable":true,"href":"https:\/\/abpolar.ee\/sv\/wp-json\/wp\/v2\/product_cat?post=12235"},{"taxonomy":"product_tag","embeddable":true,"href":"https:\/\/abpolar.ee\/sv\/wp-json\/wp\/v2\/product_tag?post=12235"}],"curies":[{"name":"wp","href":"https:\/\/api.w.org\/{rel}","templated":true}]}}