{"id":12247,"date":"2022-11-17T16:08:09","date_gmt":"2022-11-17T14:08:09","guid":{"rendered":"https:\/\/abpolar-ee.vserver.zonevs.eu\/?post_type=product&#038;p=12247"},"modified":"2024-01-15T14:18:26","modified_gmt":"2024-01-15T12:18:26","slug":"hundgardssektion","status":"publish","type":"product","link":"https:\/\/abpolar.ee\/sv\/produkt\/hundgardssektion\/","title":{"rendered":"Hundg\u00e5rdssektion"},"content":{"rendered":"<h2>Hundg\u00e5rdssektion utan d\u00f6rr 200x184x2,5cm<\/h2>\n<p>Hundg\u00e5rd med varmgalvaniserad yta som ger maximal h\u00e5llbarhet. Med detta unika modulsystem kan du anpassa hundg\u00e5rden efter dina behov och \u00f6nskem\u00e5l. L\u00e4tta att montera antingen mot en mur, frist\u00e5ende eller som flera sammanbyggda g\u00e5rdar. Paneler b\u00e5de med och utan d\u00f6rrar. Denna panel \u00e4r utan d\u00f6rr.<\/p>\n<p><strong>H\u00f6jd 184 cm<\/strong><br \/>\n<strong>L\u00e4ngd 200 cm<\/strong><br \/>\n<strong>Avst\u00e5ndet mellan de vertikala pinnarna \u00e4r 8 cm<\/strong><\/p>\n<p>F\u00e4sten ing\u00e5r ej.<br \/>\nDet finns inget tak och golv, du kan g\u00f6ra dem sj\u00e4lv efter din \u00f6nskan och storlek<\/p>\n","protected":false},"excerpt":{"rendered":"<p>Hundg\u00e5rdssektion utan d\u00f6rr 200x184x2,5cm Hundg\u00e5rd med varmgalvaniserad yta som ger maximal h\u00e5llbarhet. Med detta unika&#8230;<\/p>\n","protected":false},"featured_media":9634,"template":"","meta":{"_acf_changed":false,"inline_featured_image":false},"product_brand":[],"product_cat":[467],"product_tag":[],"class_list":{"0":"post-12247","1":"product","2":"type-product","3":"status-publish","4":"has-post-thumbnail","6":"product_cat-hundkennel-hundrastgard","8":"first","9":"instock","10":"taxable","11":"shipping-taxable","12":"purchasable","13":"product-type-simple"},"acf":[],"_links":{"self":[{"href":"https:\/\/abpolar.ee\/sv\/wp-json\/wp\/v2\/product\/12247","targetHints":{"allow":["GET"]}}],"collection":[{"href":"https:\/\/abpolar.ee\/sv\/wp-json\/wp\/v2\/product"}],"about":[{"href":"https:\/\/abpolar.ee\/sv\/wp-json\/wp\/v2\/types\/product"}],"wp:featuredmedia":[{"embeddable":true,"href":"https:\/\/abpolar.ee\/sv\/wp-json\/wp\/v2\/media\/9634"}],"wp:attachment":[{"href":"https:\/\/abpolar.ee\/sv\/wp-json\/wp\/v2\/media?parent=12247"}],"wp:term":[{"taxonomy":"product_brand","embeddable":true,"href":"https:\/\/abpolar.ee\/sv\/wp-json\/wp\/v2\/product_brand?post=12247"},{"taxonomy":"product_cat","embeddable":true,"href":"https:\/\/abpolar.ee\/sv\/wp-json\/wp\/v2\/product_cat?post=12247"},{"taxonomy":"product_tag","embeddable":true,"href":"https:\/\/abpolar.ee\/sv\/wp-json\/wp\/v2\/product_tag?post=12247"}],"curies":[{"name":"wp","href":"https:\/\/api.w.org\/{rel}","templated":true}]}}