{"id":12255,"date":"2022-11-16T09:18:20","date_gmt":"2022-11-16T07:18:20","guid":{"rendered":"https:\/\/abpolar-ee.vserver.zonevs.eu\/?post_type=product&#038;p=12255"},"modified":"2024-01-15T15:09:55","modified_gmt":"2024-01-15T13:09:55","slug":"insektsnat-2x2x04mm-1x25m-galvaniserad","status":"publish","type":"product","link":"https:\/\/abpolar.ee\/sv\/produkt\/insektsnat-2x2x04mm-1x25m-galvaniserad\/","title":{"rendered":"Insektsn\u00e4t 2x2x0,4mm 1x25m, galvaniserad"},"content":{"rendered":"<h2>Insektsn\u00e4t aluminium 2x2x0,4mm 1x25m, galvaniserad<\/h2>\n<div class=\"SonMi\">\n<div class=\"SonMi\">Insektn\u00e4t producerat av galvaniserad metall.<\/div>\n<div><\/div>\n<\/div>\n<div class=\"EtVcZ Ap93o Aw4Wz UI6MA\">\n<div class=\"tztjY\"><b>Anv\u00e4ndning<\/b><br \/>\nInsektn\u00e4t anv\u00e4nds d\u00e4r man vill h\u00e5lla insekter och sm\u00e5kryp ute, och samtidigt ger det en bra ventilation. En robust produkt som \u00e4r enkel att montera. H\u00e4r kan b\u00e5de myggf\u00f6nster, flugsk\u00e5p och insektd\u00f6rrar tillverkas.Insektn\u00e4tet kan ocks\u00e5 anv\u00e4ndas p\u00e5 ramar som f\u00f6nster till en t\u00e4ckt terrass f\u00f6r att ge l\u00e4. Det ger samtidigt ett behagligt inomhusklimat och det \u00e4r fortfarande fri utsikt till tr\u00e4dg\u00e5rden fr\u00e5n den t\u00e4ckta terrassen. Det \u00e4r en bra id\u00e9 att n\u00e4tet s\u00e4tts i ramar med lister. Kan ocks\u00e5 anv\u00e4ndas till takfot. Det h\u00e5ller b\u00e5de bin och andra insekter ute och samtidigt har det f\u00f6rdelen att det \u00e4ven hj\u00e4lper med att f\u00f6rhindra sn\u00f6drivor p\u00e5 taket.<\/p>\n<\/div>\n<\/div>\n<p id=\"tw-target-text\" class=\"tw-data-text tw-text-large tw-ta\" dir=\"ltr\" data-placeholder=\"T\u00f5lge\" data-ved=\"2ahUKEwiWz-S6-96DAxXZRPEDHa7xCAwQ3ewLegQIBRAQ\"><span class=\"Y2IQFc\" lang=\"sv\">Materialtjocklek: 0,4 mm<br \/>\nMaskstorlek: 2\u00d72 mm<br \/>\nKattmaterial: varmzink<br \/>\nN\u00e4tverksbredd: 1m<br \/>\nRulll\u00e4ngd: 25m<\/span><\/p>\n","protected":false},"excerpt":{"rendered":"<p>Insektsn\u00e4t aluminium 2x2x0,4mm 1x25m, galvaniserad Insektn\u00e4t producerat av galvaniserad metall. Anv\u00e4ndning Insektn\u00e4t anv\u00e4nds d\u00e4r man&#8230;<\/p>\n","protected":false},"featured_media":9198,"template":"","meta":{"_acf_changed":false,"inline_featured_image":false},"product_brand":[],"product_cat":[528],"product_tag":[],"class_list":{"0":"post-12255","1":"product","2":"type-product","3":"status-publish","4":"has-post-thumbnail","6":"product_cat-insektsnat","7":"product_shipping_class-paket-upp-till-30kg","9":"first","10":"instock","11":"taxable","12":"shipping-taxable","13":"purchasable","14":"product-type-simple"},"acf":[],"_links":{"self":[{"href":"https:\/\/abpolar.ee\/sv\/wp-json\/wp\/v2\/product\/12255","targetHints":{"allow":["GET"]}}],"collection":[{"href":"https:\/\/abpolar.ee\/sv\/wp-json\/wp\/v2\/product"}],"about":[{"href":"https:\/\/abpolar.ee\/sv\/wp-json\/wp\/v2\/types\/product"}],"wp:featuredmedia":[{"embeddable":true,"href":"https:\/\/abpolar.ee\/sv\/wp-json\/wp\/v2\/media\/9198"}],"wp:attachment":[{"href":"https:\/\/abpolar.ee\/sv\/wp-json\/wp\/v2\/media?parent=12255"}],"wp:term":[{"taxonomy":"product_brand","embeddable":true,"href":"https:\/\/abpolar.ee\/sv\/wp-json\/wp\/v2\/product_brand?post=12255"},{"taxonomy":"product_cat","embeddable":true,"href":"https:\/\/abpolar.ee\/sv\/wp-json\/wp\/v2\/product_cat?post=12255"},{"taxonomy":"product_tag","embeddable":true,"href":"https:\/\/abpolar.ee\/sv\/wp-json\/wp\/v2\/product_tag?post=12255"}],"curies":[{"name":"wp","href":"https:\/\/api.w.org\/{rel}","templated":true}]}}