{"id":12262,"date":"2022-11-17T16:08:09","date_gmt":"2022-11-17T14:08:09","guid":{"rendered":"https:\/\/abpolar-ee.vserver.zonevs.eu\/?post_type=product&#038;p=12262"},"modified":"2024-01-15T14:22:05","modified_gmt":"2024-01-15T12:22:05","slug":"fastsattning-av-tak-for-hundgardssektion","status":"publish","type":"product","link":"https:\/\/abpolar.ee\/sv\/produkt\/fastsattning-av-tak-for-hundgardssektion\/","title":{"rendered":"Fasts\u00e4ttning av tak f\u00f6r hundg\u00e5rdssektion"},"content":{"rendered":"<h2>Fasts\u00e4ttning av tak f\u00f6r hundg\u00e5rdssektion<\/h2>\n<p>Takf\u00e4stet \u00e4r l\u00e4mpligt f\u00f6r att f\u00e4sta taket p\u00e5 hundl\u00e5dans paneler<\/p>\n","protected":false},"excerpt":{"rendered":"<p>Fasts\u00e4ttning av tak f\u00f6r hundg\u00e5rdssektion Takf\u00e4stet \u00e4r l\u00e4mpligt f\u00f6r att f\u00e4sta taket p\u00e5 hundl\u00e5dans paneler<\/p>\n","protected":false},"featured_media":9637,"template":"","meta":{"_acf_changed":false,"inline_featured_image":false},"product_brand":[],"product_cat":[467],"product_tag":[],"class_list":{"0":"post-12262","1":"product","2":"type-product","3":"status-publish","4":"has-post-thumbnail","6":"product_cat-hundkennel-hundrastgard","7":"product_shipping_class-litet-paket","9":"first","10":"instock","11":"taxable","12":"shipping-taxable","13":"purchasable","14":"product-type-simple"},"acf":[],"_links":{"self":[{"href":"https:\/\/abpolar.ee\/sv\/wp-json\/wp\/v2\/product\/12262","targetHints":{"allow":["GET"]}}],"collection":[{"href":"https:\/\/abpolar.ee\/sv\/wp-json\/wp\/v2\/product"}],"about":[{"href":"https:\/\/abpolar.ee\/sv\/wp-json\/wp\/v2\/types\/product"}],"wp:featuredmedia":[{"embeddable":true,"href":"https:\/\/abpolar.ee\/sv\/wp-json\/wp\/v2\/media\/9637"}],"wp:attachment":[{"href":"https:\/\/abpolar.ee\/sv\/wp-json\/wp\/v2\/media?parent=12262"}],"wp:term":[{"taxonomy":"product_brand","embeddable":true,"href":"https:\/\/abpolar.ee\/sv\/wp-json\/wp\/v2\/product_brand?post=12262"},{"taxonomy":"product_cat","embeddable":true,"href":"https:\/\/abpolar.ee\/sv\/wp-json\/wp\/v2\/product_cat?post=12262"},{"taxonomy":"product_tag","embeddable":true,"href":"https:\/\/abpolar.ee\/sv\/wp-json\/wp\/v2\/product_tag?post=12262"}],"curies":[{"name":"wp","href":"https:\/\/api.w.org\/{rel}","templated":true}]}}