{"id":12264,"date":"2022-11-17T16:08:10","date_gmt":"2022-11-17T14:08:10","guid":{"rendered":"https:\/\/abpolar-ee.vserver.zonevs.eu\/?post_type=product&#038;p=12264"},"modified":"2024-01-15T14:40:38","modified_gmt":"2024-01-15T12:40:38","slug":"hundkoja","status":"publish","type":"product","link":"https:\/\/abpolar.ee\/sv\/produkt\/hundkoja\/","title":{"rendered":"Hundkoja"},"content":{"rendered":"<h2 style=\"text-align: left;\">Hundkoja\u00a0hall+rum+f\u00f6nster<\/h2>\n<p>2-rums kennel med f\u00f6nster. Taket har en liten lutning.<br \/>\nHundkojan \u00e4r gjord av h\u00f6gkvalitativt virke. Ing\u00e5ngen \u00e4r skyddad med en plastgardin f\u00f6r att st\u00e4nga ute kyla och insekter.<br \/>\nLevereras omonterat med monteringsinstruktioner. L\u00e4tt att montera!<br \/>\nTr\u00e4et \u00e4r ytbehandlat men b\u00f6r behandlas ytterligare f\u00f6r att st\u00e5 emot v\u00e5rt nordiska klimat.<\/p>\n<p><strong>M\u00e5tt: frontm\u00e5tt utan tak 142x92x80cm,<\/strong><br \/>\n<strong>M\u00e5tt bak utan tak 142x92x70cm<\/strong><br \/>\n<strong>D\u00f6rr\u00f6ppning 30x45cm<\/strong><br \/>\n<strong>F\u00f6nster 30x29cm<\/strong><br \/>\n<strong>Takm\u00e5tt: 160x115x3cm<\/strong><\/p>\n","protected":false},"excerpt":{"rendered":"<p>Hundkoja\u00a0hall+rum+f\u00f6nster 2-rums kennel med f\u00f6nster. Taket har en liten lutning. Hundkojan \u00e4r gjord av h\u00f6gkvalitativt&#8230;<\/p>\n","protected":false},"featured_media":9658,"template":"","meta":{"_acf_changed":false,"inline_featured_image":false},"product_brand":[],"product_cat":[468],"product_tag":[],"class_list":{"0":"post-12264","1":"product","2":"type-product","3":"status-publish","4":"has-post-thumbnail","6":"product_cat-hundkojor","7":"product_shipping_class-stort-paket","9":"first","10":"instock","11":"sale","12":"taxable","13":"shipping-taxable","14":"purchasable","15":"product-type-simple"},"acf":[],"_links":{"self":[{"href":"https:\/\/abpolar.ee\/sv\/wp-json\/wp\/v2\/product\/12264","targetHints":{"allow":["GET"]}}],"collection":[{"href":"https:\/\/abpolar.ee\/sv\/wp-json\/wp\/v2\/product"}],"about":[{"href":"https:\/\/abpolar.ee\/sv\/wp-json\/wp\/v2\/types\/product"}],"wp:featuredmedia":[{"embeddable":true,"href":"https:\/\/abpolar.ee\/sv\/wp-json\/wp\/v2\/media\/9658"}],"wp:attachment":[{"href":"https:\/\/abpolar.ee\/sv\/wp-json\/wp\/v2\/media?parent=12264"}],"wp:term":[{"taxonomy":"product_brand","embeddable":true,"href":"https:\/\/abpolar.ee\/sv\/wp-json\/wp\/v2\/product_brand?post=12264"},{"taxonomy":"product_cat","embeddable":true,"href":"https:\/\/abpolar.ee\/sv\/wp-json\/wp\/v2\/product_cat?post=12264"},{"taxonomy":"product_tag","embeddable":true,"href":"https:\/\/abpolar.ee\/sv\/wp-json\/wp\/v2\/product_tag?post=12264"}],"curies":[{"name":"wp","href":"https:\/\/api.w.org\/{rel}","templated":true}]}}