{"id":12280,"date":"2023-01-04T12:57:21","date_gmt":"2023-01-04T10:57:21","guid":{"rendered":"https:\/\/abpolar-ee.vserver.zonevs.eu\/?post_type=product&#038;p=12280"},"modified":"2025-11-24T12:30:56","modified_gmt":"2025-11-24T10:30:56","slug":"vedspis-polar-01-7-ror-med-glasdorr","status":"publish","type":"product","link":"https:\/\/abpolar.ee\/sv\/produkt\/vedspis-polar-01-7-ror-med-glasdorr\/","title":{"rendered":"Bullerjan-kamin &#8221;Polar 01&#8221; (7 r\u00f6r) med glasd\u00f6rr"},"content":{"rendered":"<h2>Bullerjan-kamin \/ Vedspis &#8221;Polar 01&#8221; (7 r\u00f6r) med glasd\u00f6rr<\/h2>\n<p>Bullder-kaminen &#8221;Polar 01&#8221; (7 r\u00f6r) \u00e4r en luftf\u00f6rv\u00e4rmare p\u00e5 fast br\u00e4nsle, som kan anv\u00e4ndas f\u00f6r uppv\u00e4rmning av b\u00e5de bost\u00e4der och industrilokaler. V\u00e4rmen f\u00f6rdelas j\u00e4mnt i hela det uppv\u00e4rmda rummet utan hj\u00e4lp av en fl\u00e4kt. Den kalla luften tr\u00e4nger in i varmluftsr\u00f6ren d\u00e4r den v\u00e4rms upp till 60-80 grader och rinner sedan ut i det uppv\u00e4rmda rummet. Anv\u00e4ndningsomr\u00e5det \u00e4r v\u00e4ldigt olika: sommarhus, lager, verkst\u00e4der, butiker, bostadshus etc. Till exempel \u00e4r den minsta ugnstypen i produktivitet 4,5 m3 varm luft per minut. Bulder kaminen kan anv\u00e4ndas som reservv\u00e4rme parallellt med andra v\u00e4rmare.<\/p>\n<p><strong>Uppv\u00e4rmt utrymme: upp till 200 m3<\/strong><br \/>\n<strong>Vikt: 88 kg<\/strong><br \/>\n<strong>M\u00e5tt: l\u00e4ngd\/bredd\/h\u00f6jd: 891\u0445560\u0445763 mm<\/strong><br \/>\n<strong>V\u00e4rmekapacitet: 11 kW<\/strong><br \/>\n<strong>R\u00f6kr\u00f6rets diameter \u00e4r 120 mm<\/strong><br \/>\n<strong>L\u00e4ngden p\u00e5 stockarna \u00e4r 450 mm<\/strong><\/p>\n<p>Driften av Bulder kaminluftv\u00e4rmare \u00e4r baserad p\u00e5 f\u00f6rbr\u00e4nning av br\u00e4nsle med gl\u00f6dmetoden i en 2-kammarh\u00e4rd. Som ett resultat av gl\u00f6dningsprocessen genereras f\u00f6rbr\u00e4nningsugnsgaser i den nedre kammaren, medan endast deras fullst\u00e4ndiga f\u00f6rbr\u00e4nning sker i den \u00f6vre kammaren. Ugnen best\u00e5r av en tv\u00e5kammarh\u00e4rd runt vilken luftr\u00f6r \u00e4r installerade, ett r\u00f6kspj\u00e4ll, en luftregulator och en ugnslucka. Den styrda luften kommer in fr\u00e5n den nedre \u00e4nden av luftr\u00f6ret, v\u00e4rms upp och str\u00f6mmar j\u00e4mnt in i det uppv\u00e4rmda rummet. Lufttemperaturfluktuationen i rummet \u00e4r inte stor, eftersom ugnen s\u00e4kerst\u00e4ller luftr\u00f6relse. Br\u00e4nslef\u00f6rbr\u00e4nning sker i b\u00e5da kamrarna i h\u00e4rden.<\/p>\n<p>De gaser som inte brinner helt i den nedre kammaren stiger till toppen, d\u00e4r deras fullst\u00e4ndiga f\u00f6rbr\u00e4nning sker tack vare den extra luft som kommer in d\u00e4r genom insektorerna. En s\u00e5dan h\u00e4rdkonstruktion s\u00e4kerst\u00e4ller effektiv anv\u00e4ndning av br\u00e4nsle och h\u00f6g effektivitet (75%). Luftv\u00e4rmaren (ugn av Buldertyp) \u00e4r tillverkad av h\u00f6gkvalitativt pannst\u00e5l, vilket s\u00e4kerst\u00e4ller dess l\u00e5nga livsl\u00e4ngd (minst 15 \u00e5r) n\u00e4r den anv\u00e4nds p\u00e5 r\u00e4tt s\u00e4tt. Effekten p\u00e5 Bulder kaminen \u00e4ndras med luftregulatorn som sitter i eldstadsd\u00f6rren. Vid uppv\u00e4rmning med ved fungerar luftv\u00e4rmaren i mer \u00e4n 8 timmar med fulladdad eldstad. Den stora ugnsluckan och den rymliga f\u00f6rbr\u00e4nningskammaren underl\u00e4ttar arbetet och till\u00e5ter anv\u00e4ndning av mycket tjocka flis f\u00f6r uppv\u00e4rmning. Luftv\u00e4rmare har mycket l\u00e4gre uppv\u00e4rmningskostnader \u00e4n traditionella ugnar.<br \/>\n\u200b<\/p>\n","protected":false},"excerpt":{"rendered":"<p>Bullerjan-kamin \/ Vedspis &#8221;Polar 01&#8221; (7 r\u00f6r) med glasd\u00f6rr Bullder-kaminen &#8221;Polar 01&#8221; (7 r\u00f6r) \u00e4r&#8230;<\/p>\n","protected":false},"featured_media":18324,"template":"","meta":{"_acf_changed":false,"inline_featured_image":false},"product_brand":[],"product_cat":[481,480],"product_tag":[],"class_list":{"0":"post-12280","1":"product","2":"type-product","3":"status-publish","4":"has-post-thumbnail","6":"product_cat-eldstader","7":"product_cat-kaminer-eldstader","8":"product_shipping_class-eur-sv","10":"first","11":"outofstock","12":"taxable","13":"shipping-taxable","14":"purchasable","15":"product-type-simple"},"acf":[],"_links":{"self":[{"href":"https:\/\/abpolar.ee\/sv\/wp-json\/wp\/v2\/product\/12280","targetHints":{"allow":["GET"]}}],"collection":[{"href":"https:\/\/abpolar.ee\/sv\/wp-json\/wp\/v2\/product"}],"about":[{"href":"https:\/\/abpolar.ee\/sv\/wp-json\/wp\/v2\/types\/product"}],"wp:featuredmedia":[{"embeddable":true,"href":"https:\/\/abpolar.ee\/sv\/wp-json\/wp\/v2\/media\/18324"}],"wp:attachment":[{"href":"https:\/\/abpolar.ee\/sv\/wp-json\/wp\/v2\/media?parent=12280"}],"wp:term":[{"taxonomy":"product_brand","embeddable":true,"href":"https:\/\/abpolar.ee\/sv\/wp-json\/wp\/v2\/product_brand?post=12280"},{"taxonomy":"product_cat","embeddable":true,"href":"https:\/\/abpolar.ee\/sv\/wp-json\/wp\/v2\/product_cat?post=12280"},{"taxonomy":"product_tag","embeddable":true,"href":"https:\/\/abpolar.ee\/sv\/wp-json\/wp\/v2\/product_tag?post=12280"}],"curies":[{"name":"wp","href":"https:\/\/api.w.org\/{rel}","templated":true}]}}