{"id":12290,"date":"2022-11-17T16:08:08","date_gmt":"2022-11-17T14:08:08","guid":{"rendered":"https:\/\/abpolar-ee.vserver.zonevs.eu\/?post_type=product&#038;p=12290"},"modified":"2024-01-16T15:05:25","modified_gmt":"2024-01-16T13:05:25","slug":"vindskydd-matta-i-pil-15x3m","status":"publish","type":"product","link":"https:\/\/abpolar.ee\/sv\/produkt\/vindskydd-matta-i-pil-15x3m\/","title":{"rendered":"Vindskydd matta i pil 1,5x3m"},"content":{"rendered":"<h2>Vindskydd matta i pil 1,5x3m<\/h2>\n<p>Insynsskydd med snygga detaljer!<\/p>\n<p>Ett vind- och insynsskydd i pil att s\u00e4tta p\u00e5 balkongen eller uteplatsen f\u00f6r att skilja av mot till exempel grannar och allm\u00e4nna ytor.<\/p>\n<p>H\u00f6jd: 1,5 m<br \/>\nL\u00e4ngd: 3m<\/p>\n<p>&nbsp;<\/p>\n","protected":false},"excerpt":{"rendered":"<p>Vindskydd matta i pil 1,5x3m Insynsskydd med snygga detaljer! Ett vind- och insynsskydd i pil&#8230;<\/p>\n","protected":false},"featured_media":9702,"template":"","meta":{"_acf_changed":false,"inline_featured_image":false},"product_brand":[],"product_cat":[543,534],"product_tag":[],"class_list":{"0":"post-12290","1":"product","2":"type-product","3":"status-publish","4":"has-post-thumbnail","6":"product_cat-utemiljo","7":"product_cat-vass-och-ribbstaket","8":"product_shipping_class-paket-upp-till-30kg","10":"first","11":"instock","12":"taxable","13":"shipping-taxable","14":"purchasable","15":"product-type-simple"},"acf":[],"_links":{"self":[{"href":"https:\/\/abpolar.ee\/sv\/wp-json\/wp\/v2\/product\/12290","targetHints":{"allow":["GET"]}}],"collection":[{"href":"https:\/\/abpolar.ee\/sv\/wp-json\/wp\/v2\/product"}],"about":[{"href":"https:\/\/abpolar.ee\/sv\/wp-json\/wp\/v2\/types\/product"}],"wp:featuredmedia":[{"embeddable":true,"href":"https:\/\/abpolar.ee\/sv\/wp-json\/wp\/v2\/media\/9702"}],"wp:attachment":[{"href":"https:\/\/abpolar.ee\/sv\/wp-json\/wp\/v2\/media?parent=12290"}],"wp:term":[{"taxonomy":"product_brand","embeddable":true,"href":"https:\/\/abpolar.ee\/sv\/wp-json\/wp\/v2\/product_brand?post=12290"},{"taxonomy":"product_cat","embeddable":true,"href":"https:\/\/abpolar.ee\/sv\/wp-json\/wp\/v2\/product_cat?post=12290"},{"taxonomy":"product_tag","embeddable":true,"href":"https:\/\/abpolar.ee\/sv\/wp-json\/wp\/v2\/product_tag?post=12290"}],"curies":[{"name":"wp","href":"https:\/\/api.w.org\/{rel}","templated":true}]}}