{"id":12292,"date":"2022-11-17T16:08:07","date_gmt":"2022-11-17T14:08:07","guid":{"rendered":"https:\/\/abpolar-ee.vserver.zonevs.eu\/?post_type=product&#038;p=12292"},"modified":"2024-01-16T15:27:13","modified_gmt":"2024-01-16T13:27:13","slug":"tradgardshandskar","status":"publish","type":"product","link":"https:\/\/abpolar.ee\/sv\/produkt\/tradgardshandskar\/","title":{"rendered":"Tr\u00e4dg\u00e5rdshandskar"},"content":{"rendered":"<h2>Tr\u00e4dg\u00e5rdshandskar<\/h2>\n<p>B\u00e4verhandskar f\u00f6r tr\u00e4dg\u00e5rdsarbete &#8211; Klor ger m\u00f6jlighet att bekv\u00e4mt gr\u00e4va ett h\u00e5l i jorden som tillgodoser behovet.<br \/>\nIdealisk f\u00f6r tr\u00e4dg\u00e5rdsarbete.<br \/>\nVattent\u00e4t tr\u00e4dg\u00e5rdshandske med klor.<br \/>\nKlorna \u00e4r bara p\u00e5 h\u00f6ger hand.<br \/>\nStorlek: Universal<br \/>\nMaterial: Latexbelagd polyamid s\u00e4kerst\u00e4ller fuktbest\u00e4ndighet.<br \/>\nKlorna \u00e4r gjorda av kraftig ABS-plast.<br \/>\nDet elastiska tyget h\u00e5ller plagget bekv\u00e4mt runt armen.<\/p>\n","protected":false},"excerpt":{"rendered":"<p>Tr\u00e4dg\u00e5rdshandskar B\u00e4verhandskar f\u00f6r tr\u00e4dg\u00e5rdsarbete &#8211; Klor ger m\u00f6jlighet att bekv\u00e4mt gr\u00e4va ett h\u00e5l i jorden&#8230;<\/p>\n","protected":false},"featured_media":10132,"template":"","meta":{"_acf_changed":false,"inline_featured_image":false},"product_brand":[],"product_cat":[501],"product_tag":[],"class_list":{"0":"post-12292","1":"product","2":"type-product","3":"status-publish","4":"has-post-thumbnail","6":"product_cat-tradgardsvaror","7":"product_shipping_class-litet-paket","9":"first","10":"instock","11":"taxable","12":"shipping-taxable","13":"purchasable","14":"product-type-simple"},"acf":[],"_links":{"self":[{"href":"https:\/\/abpolar.ee\/sv\/wp-json\/wp\/v2\/product\/12292","targetHints":{"allow":["GET"]}}],"collection":[{"href":"https:\/\/abpolar.ee\/sv\/wp-json\/wp\/v2\/product"}],"about":[{"href":"https:\/\/abpolar.ee\/sv\/wp-json\/wp\/v2\/types\/product"}],"wp:featuredmedia":[{"embeddable":true,"href":"https:\/\/abpolar.ee\/sv\/wp-json\/wp\/v2\/media\/10132"}],"wp:attachment":[{"href":"https:\/\/abpolar.ee\/sv\/wp-json\/wp\/v2\/media?parent=12292"}],"wp:term":[{"taxonomy":"product_brand","embeddable":true,"href":"https:\/\/abpolar.ee\/sv\/wp-json\/wp\/v2\/product_brand?post=12292"},{"taxonomy":"product_cat","embeddable":true,"href":"https:\/\/abpolar.ee\/sv\/wp-json\/wp\/v2\/product_cat?post=12292"},{"taxonomy":"product_tag","embeddable":true,"href":"https:\/\/abpolar.ee\/sv\/wp-json\/wp\/v2\/product_tag?post=12292"}],"curies":[{"name":"wp","href":"https:\/\/api.w.org\/{rel}","templated":true}]}}