{"id":12294,"date":"2022-11-17T16:08:16","date_gmt":"2022-11-17T14:08:16","guid":{"rendered":"https:\/\/abpolar-ee.vserver.zonevs.eu\/?post_type=product&#038;p=12294"},"modified":"2024-01-16T15:56:40","modified_gmt":"2024-01-16T13:56:40","slug":"skjutgrind-oppnare-kinggates-dynamo-kit24-400","status":"publish","type":"product","link":"https:\/\/abpolar.ee\/sv\/produkt\/skjutgrind-oppnare-kinggates-dynamo-kit24-400\/","title":{"rendered":"Skjutgrind \u00f6ppnare KingGates\u00a0 DYNAMO KIT24\/400"},"content":{"rendered":"<h2>Skjutgrind \u00f6ppnare KingGates\u00a0 DYNAMO KIT24\/400<\/h2>\n<p>En skjutport \u00e4r en grind som g\u00e5r i en rak linje \u00e5t sidan<br \/>\nSkjutgrindens automation KingGates kit DY KIT 24\/400 \u00e4r en h\u00f6gkvalitativ och stark mekanisk produkt som skapar s\u00e4ker, h\u00f6gpresterande och tyst st\u00e4ngning av skjutgrindar.<br \/>\nDe inbyggda styrenheterna s\u00e4kerst\u00e4ller en f\u00f6renklad installation av Dynamo automationssystem.<\/p>\n<p>24 VDC<br \/>\n230V<br \/>\nGrind r\u00f6relsehastighet 0,34 m \/ sek<br \/>\nMaximal grindvikt 400 kg<\/p>\n<p>I setet: gult varningsljus, fj\u00e4rrkontroller 2 st Stylo med 4 kanaler, foto\u00f6ga 1 st<\/p>\n","protected":false},"excerpt":{"rendered":"<p>Skjutgrind \u00f6ppnare KingGates\u00a0 DYNAMO KIT24\/400 En skjutport \u00e4r en grind som g\u00e5r i en rak&#8230;<\/p>\n","protected":false},"featured_media":10051,"template":"","meta":{"_acf_changed":false,"inline_featured_image":false},"product_brand":[],"product_cat":[493,490,550,371],"product_tag":[],"class_list":{"0":"post-12294","1":"product","2":"type-product","3":"status-publish","4":"has-post-thumbnail","6":"product_cat-automatiska-grindar","7":"product_cat-grindar","8":"product_cat-skjutgrindar","9":"product_cat-staket-och-tillbehor","10":"product_shipping_class-paket-upp-till-30kg","12":"first","13":"instock","14":"taxable","15":"shipping-taxable","16":"purchasable","17":"product-type-simple"},"acf":[],"_links":{"self":[{"href":"https:\/\/abpolar.ee\/sv\/wp-json\/wp\/v2\/product\/12294","targetHints":{"allow":["GET"]}}],"collection":[{"href":"https:\/\/abpolar.ee\/sv\/wp-json\/wp\/v2\/product"}],"about":[{"href":"https:\/\/abpolar.ee\/sv\/wp-json\/wp\/v2\/types\/product"}],"wp:featuredmedia":[{"embeddable":true,"href":"https:\/\/abpolar.ee\/sv\/wp-json\/wp\/v2\/media\/10051"}],"wp:attachment":[{"href":"https:\/\/abpolar.ee\/sv\/wp-json\/wp\/v2\/media?parent=12294"}],"wp:term":[{"taxonomy":"product_brand","embeddable":true,"href":"https:\/\/abpolar.ee\/sv\/wp-json\/wp\/v2\/product_brand?post=12294"},{"taxonomy":"product_cat","embeddable":true,"href":"https:\/\/abpolar.ee\/sv\/wp-json\/wp\/v2\/product_cat?post=12294"},{"taxonomy":"product_tag","embeddable":true,"href":"https:\/\/abpolar.ee\/sv\/wp-json\/wp\/v2\/product_tag?post=12294"}],"curies":[{"name":"wp","href":"https:\/\/api.w.org\/{rel}","templated":true}]}}