{"id":12296,"date":"2022-11-17T16:08:20","date_gmt":"2022-11-17T14:08:20","guid":{"rendered":"https:\/\/abpolar-ee.vserver.zonevs.eu\/?post_type=product&#038;p=12296"},"modified":"2024-01-16T16:24:28","modified_gmt":"2024-01-16T14:24:28","slug":"kuggstang-nylon-1000mm-for-grindoppnaren-cris100","status":"publish","type":"product","link":"https:\/\/abpolar.ee\/sv\/produkt\/kuggstang-nylon-1000mm-for-grindoppnaren-cris100\/","title":{"rendered":"Kuggst\u00e5ng nylon 1000mm f\u00f6r grind\u00f6ppnaren CRIS100"},"content":{"rendered":"<h2>Kuggst\u00e5ng nylon 1000mm f\u00f6r grind\u00f6ppnaren CRIS100<\/h2>\n<p><strong>Specifikation:<\/strong><br \/>\nMaterial: Nylon<br \/>\nF\u00e4rg: Svart<br \/>\nL\u00e4ngd: 1m<br \/>\nStorlek: 1000x20x28mm<\/p>\n<p>P.S. F\u00f6r produkten Sliding gate automation kit DY KIT 24\/400 \u00e4r det n\u00f6dv\u00e4ndigt att k\u00f6pa ett st\u00e4ll f\u00f6r varje l\u00f6pmeter.<\/p>\n","protected":false},"excerpt":{"rendered":"<p>Kuggst\u00e5ng nylon 1000mm f\u00f6r grind\u00f6ppnaren CRIS100 Specifikation: Material: Nylon F\u00e4rg: Svart L\u00e4ngd: 1m Storlek: 1000x20x28mm&#8230;<\/p>\n","protected":false},"featured_media":10055,"template":"","meta":{"_acf_changed":false,"inline_featured_image":false},"product_brand":[],"product_cat":[493,490,371],"product_tag":[],"class_list":{"0":"post-12296","1":"product","2":"type-product","3":"status-publish","4":"has-post-thumbnail","6":"product_cat-automatiska-grindar","7":"product_cat-grindar","8":"product_cat-staket-och-tillbehor","9":"product_shipping_class-litet-paket","11":"first","12":"instock","13":"taxable","14":"shipping-taxable","15":"purchasable","16":"product-type-simple"},"acf":[],"_links":{"self":[{"href":"https:\/\/abpolar.ee\/sv\/wp-json\/wp\/v2\/product\/12296","targetHints":{"allow":["GET"]}}],"collection":[{"href":"https:\/\/abpolar.ee\/sv\/wp-json\/wp\/v2\/product"}],"about":[{"href":"https:\/\/abpolar.ee\/sv\/wp-json\/wp\/v2\/types\/product"}],"wp:featuredmedia":[{"embeddable":true,"href":"https:\/\/abpolar.ee\/sv\/wp-json\/wp\/v2\/media\/10055"}],"wp:attachment":[{"href":"https:\/\/abpolar.ee\/sv\/wp-json\/wp\/v2\/media?parent=12296"}],"wp:term":[{"taxonomy":"product_brand","embeddable":true,"href":"https:\/\/abpolar.ee\/sv\/wp-json\/wp\/v2\/product_brand?post=12296"},{"taxonomy":"product_cat","embeddable":true,"href":"https:\/\/abpolar.ee\/sv\/wp-json\/wp\/v2\/product_cat?post=12296"},{"taxonomy":"product_tag","embeddable":true,"href":"https:\/\/abpolar.ee\/sv\/wp-json\/wp\/v2\/product_tag?post=12296"}],"curies":[{"name":"wp","href":"https:\/\/api.w.org\/{rel}","templated":true}]}}