{"id":12299,"date":"2022-11-17T16:08:23","date_gmt":"2022-11-17T14:08:23","guid":{"rendered":"https:\/\/abpolar-ee.vserver.zonevs.eu\/?post_type=product&#038;p=12299"},"modified":"2024-01-16T16:34:29","modified_gmt":"2024-01-16T14:34:29","slug":"dubbel-grindoppnare-kinggates-jet-kit24-3m-600kg","status":"publish","type":"product","link":"https:\/\/abpolar.ee\/sv\/produkt\/dubbel-grindoppnare-kinggates-jet-kit24-3m-600kg\/","title":{"rendered":"Dubbel grind\u00f6ppnare KingGates JET-KIT24 3m- 600kg"},"content":{"rendered":"<h2>Dubbel grind\u00f6ppnare KingGates JET-KIT24 3m- 600kg<\/h2>\n<p>Swing gate automation KingGates set JET KIT 24 \u00e4r en h\u00f6gkvalitativ produkt med stark mekanik som skapar en s\u00e4ker, h\u00f6gpresterande och tyst r\u00f6relse sv\u00e4ngportsst\u00e4ngning.<br \/>\nInbyggda styrenheter s\u00e4kerst\u00e4ller f\u00f6renklad installation av automationssystemet JET KIT 24.<br \/>\nJET KIT 24 med aluminiumh\u00f6lje \u00e4r l\u00e4mplig f\u00f6r alla v\u00e4derf\u00f6rh\u00e5llanden<\/p>\n<p>24V motor<br \/>\n230vdc elsystem<br \/>\nMax. bredd av grind:\u00a03m<br \/>\nMax. vikt av varje grind:\u00a0600 kg<br \/>\n2 \u00f6ppnare<br \/>\nelektroniskt block<br \/>\n2 fj\u00e4rrkontroller (med 4 kanaler)<br \/>\nvarningslampa<br \/>\nfoto\u00f6ga<br \/>\nuppl\u00e5sning av n\u00f6dl\u00e5set med nyckeln<\/p>\n","protected":false},"excerpt":{"rendered":"<p>Dubbel grind\u00f6ppnare KingGates JET-KIT24 3m- 600kg Swing gate automation KingGates set JET KIT 24 \u00e4r&#8230;<\/p>\n","protected":false},"featured_media":10057,"template":"","meta":{"_acf_changed":false,"inline_featured_image":false},"product_brand":[],"product_cat":[493,490,371],"product_tag":[],"class_list":{"0":"post-12299","1":"product","2":"type-product","3":"status-publish","4":"has-post-thumbnail","6":"product_cat-automatiska-grindar","7":"product_cat-grindar","8":"product_cat-staket-och-tillbehor","9":"product_shipping_class-paket-upp-till-30kg","11":"first","12":"instock","13":"taxable","14":"shipping-taxable","15":"purchasable","16":"product-type-simple"},"acf":[],"_links":{"self":[{"href":"https:\/\/abpolar.ee\/sv\/wp-json\/wp\/v2\/product\/12299","targetHints":{"allow":["GET"]}}],"collection":[{"href":"https:\/\/abpolar.ee\/sv\/wp-json\/wp\/v2\/product"}],"about":[{"href":"https:\/\/abpolar.ee\/sv\/wp-json\/wp\/v2\/types\/product"}],"wp:featuredmedia":[{"embeddable":true,"href":"https:\/\/abpolar.ee\/sv\/wp-json\/wp\/v2\/media\/10057"}],"wp:attachment":[{"href":"https:\/\/abpolar.ee\/sv\/wp-json\/wp\/v2\/media?parent=12299"}],"wp:term":[{"taxonomy":"product_brand","embeddable":true,"href":"https:\/\/abpolar.ee\/sv\/wp-json\/wp\/v2\/product_brand?post=12299"},{"taxonomy":"product_cat","embeddable":true,"href":"https:\/\/abpolar.ee\/sv\/wp-json\/wp\/v2\/product_cat?post=12299"},{"taxonomy":"product_tag","embeddable":true,"href":"https:\/\/abpolar.ee\/sv\/wp-json\/wp\/v2\/product_tag?post=12299"}],"curies":[{"name":"wp","href":"https:\/\/api.w.org\/{rel}","templated":true}]}}