{"id":12301,"date":"2022-11-17T16:08:19","date_gmt":"2022-11-17T14:08:19","guid":{"rendered":"https:\/\/abpolar-ee.vserver.zonevs.eu\/?post_type=product&#038;p=12301"},"modified":"2024-01-16T16:42:42","modified_gmt":"2024-01-16T14:42:42","slug":"set-med-fotoogon-kinggates-viky-30","status":"publish","type":"product","link":"https:\/\/abpolar.ee\/sv\/produkt\/set-med-fotoogon-kinggates-viky-30\/","title":{"rendered":"Set med foto\u00f6gon KingGates VIKY 30"},"content":{"rendered":"<h2>Set med foto\u00f6gon KingGates VIKY 30<\/h2>\n<p>Upps\u00e4ttningen med foto\u00f6gon VIKY 30 \u00e4r l\u00e4mplig f\u00f6r KingGates grindautomation.<br \/>\nSetet inneh\u00e5ller 2 foto\u00f6gon.<\/p>\n","protected":false},"excerpt":{"rendered":"<p>Set med foto\u00f6gon KingGates VIKY 30 Upps\u00e4ttningen med foto\u00f6gon VIKY 30 \u00e4r l\u00e4mplig f\u00f6r KingGates&#8230;<\/p>\n","protected":false},"featured_media":10062,"template":"","meta":{"_acf_changed":false,"inline_featured_image":false},"product_brand":[],"product_cat":[493,490,371],"product_tag":[],"class_list":{"0":"post-12301","1":"product","2":"type-product","3":"status-publish","4":"has-post-thumbnail","6":"product_cat-automatiska-grindar","7":"product_cat-grindar","8":"product_cat-staket-och-tillbehor","9":"product_shipping_class-litet-paket","11":"first","12":"instock","13":"taxable","14":"shipping-taxable","15":"purchasable","16":"product-type-simple"},"acf":[],"_links":{"self":[{"href":"https:\/\/abpolar.ee\/sv\/wp-json\/wp\/v2\/product\/12301","targetHints":{"allow":["GET"]}}],"collection":[{"href":"https:\/\/abpolar.ee\/sv\/wp-json\/wp\/v2\/product"}],"about":[{"href":"https:\/\/abpolar.ee\/sv\/wp-json\/wp\/v2\/types\/product"}],"wp:featuredmedia":[{"embeddable":true,"href":"https:\/\/abpolar.ee\/sv\/wp-json\/wp\/v2\/media\/10062"}],"wp:attachment":[{"href":"https:\/\/abpolar.ee\/sv\/wp-json\/wp\/v2\/media?parent=12301"}],"wp:term":[{"taxonomy":"product_brand","embeddable":true,"href":"https:\/\/abpolar.ee\/sv\/wp-json\/wp\/v2\/product_brand?post=12301"},{"taxonomy":"product_cat","embeddable":true,"href":"https:\/\/abpolar.ee\/sv\/wp-json\/wp\/v2\/product_cat?post=12301"},{"taxonomy":"product_tag","embeddable":true,"href":"https:\/\/abpolar.ee\/sv\/wp-json\/wp\/v2\/product_tag?post=12301"}],"curies":[{"name":"wp","href":"https:\/\/api.w.org\/{rel}","templated":true}]}}