{"id":12309,"date":"2023-05-10T10:00:09","date_gmt":"2023-05-10T07:00:09","guid":{"rendered":"https:\/\/abpolar-ee.vserver.zonevs.eu\/?post_type=product&#038;p=12309"},"modified":"2024-01-17T14:31:23","modified_gmt":"2024-01-17T12:31:23","slug":"grindlas-buratino","status":"publish","type":"product","link":"https:\/\/abpolar.ee\/sv\/produkt\/grindlas-buratino\/","title":{"rendered":"Grindl\u00e5s &#8221;Buratino&#8221;"},"content":{"rendered":"<h2>Grindl\u00e5s &#8221;Buratino&#8221;<\/h2>\n<p>Grindl\u00e5ssats f\u00f6r rund r\u00f6rgrind<br \/>\nl\u00e5s, handtag, l\u00e5s, k\u00e4rna<br \/>\nHandtag svart<\/p>\n","protected":false},"excerpt":{"rendered":"<p>Grindl\u00e5s &#8221;Buratino&#8221; Grindl\u00e5ssats f\u00f6r rund r\u00f6rgrind l\u00e5s, handtag, l\u00e5s, k\u00e4rna Handtag svart<\/p>\n","protected":false},"featured_media":10608,"template":"","meta":{"_acf_changed":false,"inline_featured_image":false},"product_brand":[],"product_cat":[475],"product_tag":[],"class_list":{"0":"post-12309","1":"product","2":"type-product","3":"status-publish","4":"has-post-thumbnail","6":"product_cat-tillbehor-till-staket","7":"product_shipping_class-litet-paket","9":"first","10":"instock","11":"taxable","12":"shipping-taxable","13":"purchasable","14":"product-type-simple"},"acf":[],"_links":{"self":[{"href":"https:\/\/abpolar.ee\/sv\/wp-json\/wp\/v2\/product\/12309","targetHints":{"allow":["GET"]}}],"collection":[{"href":"https:\/\/abpolar.ee\/sv\/wp-json\/wp\/v2\/product"}],"about":[{"href":"https:\/\/abpolar.ee\/sv\/wp-json\/wp\/v2\/types\/product"}],"wp:featuredmedia":[{"embeddable":true,"href":"https:\/\/abpolar.ee\/sv\/wp-json\/wp\/v2\/media\/10608"}],"wp:attachment":[{"href":"https:\/\/abpolar.ee\/sv\/wp-json\/wp\/v2\/media?parent=12309"}],"wp:term":[{"taxonomy":"product_brand","embeddable":true,"href":"https:\/\/abpolar.ee\/sv\/wp-json\/wp\/v2\/product_brand?post=12309"},{"taxonomy":"product_cat","embeddable":true,"href":"https:\/\/abpolar.ee\/sv\/wp-json\/wp\/v2\/product_cat?post=12309"},{"taxonomy":"product_tag","embeddable":true,"href":"https:\/\/abpolar.ee\/sv\/wp-json\/wp\/v2\/product_tag?post=12309"}],"curies":[{"name":"wp","href":"https:\/\/api.w.org\/{rel}","templated":true}]}}