{"id":12315,"date":"2023-03-16T17:00:09","date_gmt":"2023-03-16T15:00:09","guid":{"rendered":"https:\/\/abpolar-ee.vserver.zonevs.eu\/?post_type=product&#038;p=12315"},"modified":"2024-01-17T15:00:13","modified_gmt":"2024-01-17T13:00:13","slug":"barriar-kinggates-mekanism-open4000-4m","status":"publish","type":"product","link":"https:\/\/abpolar.ee\/sv\/produkt\/barriar-kinggates-mekanism-open4000-4m\/","title":{"rendered":"Barri\u00e4r KingGates mekanism OPEN4000 4m"},"content":{"rendered":"<h2>Barri\u00e4r KingGates mekanism OPEN4000 4m<\/h2>\n<p>Barri\u00e4ren \u00e4r en idealisk l\u00f6sning f\u00f6r att kontrollera tilltr\u00e4de till privata v\u00e4gar, industrikomplex och kollektivtrafikomr\u00e5den.<br \/>\n24 V DC-frekvensomriktaren och enkel hastighetskontroll m\u00f6jligg\u00f6r snabb och intensiv anv\u00e4ndning, med en \u00f6ppningstid p\u00e5 endast 3,5 sekunder.<\/p>\n<p>Installationen \u00e4r enkel tack vare m\u00f6jligheten att installera st\u00e5ngen likgiltigt p\u00e5 antingen h\u00f6ger eller v\u00e4nster sida och enkel balansering genom linj\u00e4r justering av fj\u00e4dern.<br \/>\nAntikrosss\u00e4kerhet s\u00e4kerst\u00e4lls vid \u00f6ppning och st\u00e4ngning. Styrenheten \u00e4r skyddad av en metallram och \u00e4r l\u00e4tt \u00e5tkomlig med ett anpassat l\u00e5s.<br \/>\nManuell \u00f6ppning \u00e4r enkel tack vare det skyddade frig\u00f6ringssystemet, medan ett batteripaket som tillval s\u00e4kerst\u00e4ller drift \u00e4ven vid str\u00f6mavbrott.<\/p>\n<p><strong>Str\u00f6m 230V<\/strong><br \/>\n<strong>Str\u00f6mf\u00f6rbrukning: 1,1 A<\/strong><br \/>\n<strong>Effekt: 300 W<\/strong><br \/>\n<strong>Drifttemperatur: -20 .. + 55<\/strong><br \/>\n<strong>IP-klass: IP 54<\/strong><br \/>\n<strong>Vikt: 46 kg<\/strong><br \/>\n<strong>\u00d6ppningstid: 3,5 sekunder<\/strong><br \/>\n<strong>Upp till 4 m \u00f6ppning<\/strong><\/p>\n<p><strong>Bom ing\u00e5r inte i priset, k\u00f6p separat.<\/strong><\/p>\n","protected":false},"excerpt":{"rendered":"<p>Barri\u00e4r KingGates mekanism OPEN4000 4m Barri\u00e4ren \u00e4r en idealisk l\u00f6sning f\u00f6r att kontrollera tilltr\u00e4de till&#8230;<\/p>\n","protected":false},"featured_media":10493,"template":"","meta":{"_acf_changed":false,"inline_featured_image":false},"product_brand":[],"product_cat":[525,371],"product_tag":[],"class_list":{"0":"post-12315","1":"product","2":"type-product","3":"status-publish","4":"has-post-thumbnail","6":"product_cat-bommar","7":"product_cat-staket-och-tillbehor","9":"first","10":"instock","11":"taxable","12":"shipping-taxable","13":"purchasable","14":"product-type-simple"},"acf":[],"_links":{"self":[{"href":"https:\/\/abpolar.ee\/sv\/wp-json\/wp\/v2\/product\/12315","targetHints":{"allow":["GET"]}}],"collection":[{"href":"https:\/\/abpolar.ee\/sv\/wp-json\/wp\/v2\/product"}],"about":[{"href":"https:\/\/abpolar.ee\/sv\/wp-json\/wp\/v2\/types\/product"}],"wp:featuredmedia":[{"embeddable":true,"href":"https:\/\/abpolar.ee\/sv\/wp-json\/wp\/v2\/media\/10493"}],"wp:attachment":[{"href":"https:\/\/abpolar.ee\/sv\/wp-json\/wp\/v2\/media?parent=12315"}],"wp:term":[{"taxonomy":"product_brand","embeddable":true,"href":"https:\/\/abpolar.ee\/sv\/wp-json\/wp\/v2\/product_brand?post=12315"},{"taxonomy":"product_cat","embeddable":true,"href":"https:\/\/abpolar.ee\/sv\/wp-json\/wp\/v2\/product_cat?post=12315"},{"taxonomy":"product_tag","embeddable":true,"href":"https:\/\/abpolar.ee\/sv\/wp-json\/wp\/v2\/product_tag?post=12315"}],"curies":[{"name":"wp","href":"https:\/\/api.w.org\/{rel}","templated":true}]}}