{"id":12320,"date":"2022-11-16T09:17:39","date_gmt":"2022-11-16T07:17:39","guid":{"rendered":"https:\/\/abpolar-ee.vserver.zonevs.eu\/?post_type=product&#038;p=12320"},"modified":"2024-01-17T15:20:20","modified_gmt":"2024-01-17T13:20:20","slug":"tejp-for-polykarbonat-antidust-38mm-50m-andtejp","status":"publish","type":"product","link":"https:\/\/abpolar.ee\/sv\/produkt\/tejp-for-polykarbonat-antidust-38mm-50m-andtejp\/","title":{"rendered":"Tejp f\u00f6r polykarbonat AntiDust 38mm 50m \u00e4ndtejp"},"content":{"rendered":"<h2>Tejp f\u00f6r polykarbonat AntiDust 38mm 50m \u00e4ndtejp<\/h2>\n<p>AntiDust-tejp \u00e4r ett skydd f\u00f6r polykarbonat, vilket s\u00e4kerst\u00e4ller renhet och transparens hos honeycomb-arken och hela strukturen.<br \/>\nTejpen \u00e4r gjord av ett speciellt material, vars struktur har ett biocidprogram installerat, vilket f\u00f6rhindrar att ogynnsamma faktorer kommer in och bildas inuti polykarbonatet.<br \/>\nIcke-perforerad tejp anv\u00e4nds f\u00f6r att t\u00e4ta de \u00f6vre \u00e4ndarna av polykarbonatskivor f\u00f6r att f\u00f6rhindra att smuts, damm och fukt kommer in i cellerna.<br \/>\nMed bra elasticitet<br \/>\nmed speciell antisvampbehandling<br \/>\nskyddar mot damm och insekter<br \/>\nl\u00e4tt att installera<br \/>\nmycket slitstark<br \/>\ngodk\u00e4nt skyddssystem<br \/>\nvatten- och v\u00e4rmebest\u00e4ndig<br \/>\ns\u00e4kerst\u00e4ller kontinuerlig likvidation av kondensat.<\/p>\n<p>Icke-perforerade tejper placeras p\u00e5 den \u00f6vre \u00e4nden av arket vid montering av bikakepolykarbonat!<\/p>\n","protected":false},"excerpt":{"rendered":"<p>Tejp f\u00f6r polykarbonat AntiDust 38mm 50m \u00e4ndtejp AntiDust-tejp \u00e4r ett skydd f\u00f6r polykarbonat, vilket s\u00e4kerst\u00e4ller&#8230;<\/p>\n","protected":false},"featured_media":10092,"template":"","meta":{"_acf_changed":false,"inline_featured_image":false},"product_brand":[],"product_cat":[515],"product_tag":[],"class_list":{"0":"post-12320","1":"product","2":"type-product","3":"status-publish","4":"has-post-thumbnail","6":"product_cat-vaxthus-tillbehor","7":"product_shipping_class-litet-paket","9":"first","10":"outofstock","11":"taxable","12":"shipping-taxable","13":"purchasable","14":"product-type-simple"},"acf":[],"_links":{"self":[{"href":"https:\/\/abpolar.ee\/sv\/wp-json\/wp\/v2\/product\/12320","targetHints":{"allow":["GET"]}}],"collection":[{"href":"https:\/\/abpolar.ee\/sv\/wp-json\/wp\/v2\/product"}],"about":[{"href":"https:\/\/abpolar.ee\/sv\/wp-json\/wp\/v2\/types\/product"}],"wp:featuredmedia":[{"embeddable":true,"href":"https:\/\/abpolar.ee\/sv\/wp-json\/wp\/v2\/media\/10092"}],"wp:attachment":[{"href":"https:\/\/abpolar.ee\/sv\/wp-json\/wp\/v2\/media?parent=12320"}],"wp:term":[{"taxonomy":"product_brand","embeddable":true,"href":"https:\/\/abpolar.ee\/sv\/wp-json\/wp\/v2\/product_brand?post=12320"},{"taxonomy":"product_cat","embeddable":true,"href":"https:\/\/abpolar.ee\/sv\/wp-json\/wp\/v2\/product_cat?post=12320"},{"taxonomy":"product_tag","embeddable":true,"href":"https:\/\/abpolar.ee\/sv\/wp-json\/wp\/v2\/product_tag?post=12320"}],"curies":[{"name":"wp","href":"https:\/\/api.w.org\/{rel}","templated":true}]}}