{"id":12328,"date":"2023-04-26T11:20:58","date_gmt":"2023-04-26T08:20:58","guid":{"rendered":"https:\/\/abpolar-ee.vserver.zonevs.eu\/?post_type=product&#038;p=12328"},"modified":"2024-01-18T12:14:02","modified_gmt":"2024-01-18T10:14:02","slug":"skjutgrind-oppning-4-m","status":"publish","type":"product","link":"https:\/\/abpolar.ee\/sv\/produkt\/skjutgrind-oppning-4-m\/","title":{"rendered":"Skjutgrind, \u00f6ppning 4 m"},"content":{"rendered":"<h2>Skjutgrind, \u00f6ppning 4 m<\/h2>\n<p>Grinden tillverkas efter dina \u00f6nskem\u00e5l och f\u00f6ruts\u00e4ttningar.<br \/>\nV\u00e4lj antingen galvaniserad eller m\u00e5lad.<br \/>\nProdukten m\u00e5las med en pulverlack f\u00f6r skydd slitage och levereras med g\u00e5ngj\u00e4rn.<br \/>\nLeveranstid 5\u201312 veckor beroende p\u00e5 bel\u00e4ggning.<br \/>\nSamtliga produkter kan kombineras med v\u00e5r grindautomatik.<br \/>\nPris: Kontakta f\u00f6r offert<\/p>\n<p>&nbsp;<\/p>\n","protected":false},"excerpt":{"rendered":"<p>Skjutgrind, \u00f6ppning 4 m Grinden tillverkas efter dina \u00f6nskem\u00e5l och f\u00f6ruts\u00e4ttningar. V\u00e4lj antingen galvaniserad eller&#8230;<\/p>\n","protected":false},"featured_media":10569,"template":"","meta":{"_acf_changed":false,"inline_featured_image":false},"product_brand":[],"product_cat":[491,490,550,371],"product_tag":[],"class_list":{"0":"post-12328","1":"product","2":"type-product","3":"status-publish","4":"has-post-thumbnail","6":"product_cat-dubbelgrind","7":"product_cat-grindar","8":"product_cat-skjutgrindar","9":"product_cat-staket-och-tillbehor","11":"first","12":"outofstock","13":"taxable","14":"shipping-taxable","15":"product-type-simple"},"acf":[],"_links":{"self":[{"href":"https:\/\/abpolar.ee\/sv\/wp-json\/wp\/v2\/product\/12328","targetHints":{"allow":["GET"]}}],"collection":[{"href":"https:\/\/abpolar.ee\/sv\/wp-json\/wp\/v2\/product"}],"about":[{"href":"https:\/\/abpolar.ee\/sv\/wp-json\/wp\/v2\/types\/product"}],"wp:featuredmedia":[{"embeddable":true,"href":"https:\/\/abpolar.ee\/sv\/wp-json\/wp\/v2\/media\/10569"}],"wp:attachment":[{"href":"https:\/\/abpolar.ee\/sv\/wp-json\/wp\/v2\/media?parent=12328"}],"wp:term":[{"taxonomy":"product_brand","embeddable":true,"href":"https:\/\/abpolar.ee\/sv\/wp-json\/wp\/v2\/product_brand?post=12328"},{"taxonomy":"product_cat","embeddable":true,"href":"https:\/\/abpolar.ee\/sv\/wp-json\/wp\/v2\/product_cat?post=12328"},{"taxonomy":"product_tag","embeddable":true,"href":"https:\/\/abpolar.ee\/sv\/wp-json\/wp\/v2\/product_tag?post=12328"}],"curies":[{"name":"wp","href":"https:\/\/api.w.org\/{rel}","templated":true}]}}