{"id":12329,"date":"2023-02-22T15:06:11","date_gmt":"2023-02-22T13:06:11","guid":{"rendered":"https:\/\/abpolar-ee.vserver.zonevs.eu\/?post_type=product&#038;p=12329"},"modified":"2025-05-15T14:49:37","modified_gmt":"2025-05-15T11:49:37","slug":"skjutgrind-for-metallstangsel-lux","status":"publish","type":"product","link":"https:\/\/abpolar.ee\/sv\/produkt\/skjutgrind-for-metallstangsel-lux\/","title":{"rendered":"Skjutgrind f\u00f6r metallst\u00e4ngsel LUX"},"content":{"rendered":"<h2>Skjutgrind f\u00f6r metallst\u00e4ngsel LUX<\/h2>\n<p>H\u00f6jden p\u00e5 skjutporten fr\u00e5n marken \u00e4r 1m, 1,2m, 1,5m<br \/>\nDe vertikala delarna \u00e4r gjorda av 15x15x1,0mm st\u00e5lr\u00f6r<br \/>\nM\u00e5lramen \u00e4r gjord av 60*40*2 mm st\u00e5lr\u00f6r, vilket ger m\u00e5let styrka.<br \/>\nAvst\u00e5ndet mellan de vertikala st\u00e4ngerna \u00e4r 89 mm (+\/-2 mm)<br \/>\nYtbel\u00e4ggning: varmzink + Ral pulverf\u00e4rg<\/p>\n<p>OBS! Inte en lagerprodukt. T\u00e5st\u00e4ngsel kan best\u00e4llas. Best\u00e4llningstid 3-4 veckor<br \/>\nVar noga med att ange f\u00e4rg vid best\u00e4llning.<\/p>\n<p>(Standardf\u00e4rger RAL 9005 (svart), RAL 7016 (m\u00f6rkgr\u00e5))<\/p>\n<p><strong>AB Polar O\u00dc \u00e4r ett f\u00f6retag med l\u00e5ng erfarenhet inom detalj- och partihandel av tr\u00e4dg\u00e5rds- och inredningsprodukter i Estland och Finland.<\/strong><\/p>\n<p>V\u00e5ra huvudmarknader \u00e4r Estland och Finland, d\u00e4r vi \u00e4r en etablerad akt\u00f6r och d\u00e4r v\u00e5ra produkter finns att hitta i de st\u00f6rsta byggvaruhusen.<\/p>\n<p>Sedan 2008 har vi f\u00f6rsett b\u00e5de privatkunder och \u00e5terf\u00f6rs\u00e4ljare med h\u00f6gkvalitativa och prisv\u00e4rda l\u00f6sningar f\u00f6r tr\u00e4dg\u00e5rdsbygge och heminredning.<\/p>\n<p>V\u00e5r filosofi \u00e4r enkel \u2013 vi kombinerar kvalitet, funktionalitet och konkurrenskraftiga priser med flexibel och kundanpassad service.<\/p>\n<p><strong>Under 2024 har vi ut\u00f6kat v\u00e5r verksamhet till Sverige.<\/strong><\/p>\n","protected":false},"excerpt":{"rendered":"<p>Skjutgrind f\u00f6r metallst\u00e4ngsel LUX H\u00f6jden p\u00e5 skjutporten fr\u00e5n marken \u00e4r 1m, 1,2m, 1,5m De vertikala&#8230;<\/p>\n","protected":false},"featured_media":10432,"template":"","meta":{"_acf_changed":false,"inline_featured_image":false},"product_brand":[],"product_cat":[550,371,500],"product_tag":[],"class_list":{"0":"post-12329","1":"product","2":"type-product","3":"status-publish","4":"has-post-thumbnail","6":"product_cat-skjutgrindar","7":"product_cat-staket-och-tillbehor","8":"product_cat-stalstaket","10":"first","11":"instock","12":"taxable","13":"shipping-taxable","14":"purchasable","15":"product-type-variable"},"acf":[],"_links":{"self":[{"href":"https:\/\/abpolar.ee\/sv\/wp-json\/wp\/v2\/product\/12329","targetHints":{"allow":["GET"]}}],"collection":[{"href":"https:\/\/abpolar.ee\/sv\/wp-json\/wp\/v2\/product"}],"about":[{"href":"https:\/\/abpolar.ee\/sv\/wp-json\/wp\/v2\/types\/product"}],"wp:featuredmedia":[{"embeddable":true,"href":"https:\/\/abpolar.ee\/sv\/wp-json\/wp\/v2\/media\/10432"}],"wp:attachment":[{"href":"https:\/\/abpolar.ee\/sv\/wp-json\/wp\/v2\/media?parent=12329"}],"wp:term":[{"taxonomy":"product_brand","embeddable":true,"href":"https:\/\/abpolar.ee\/sv\/wp-json\/wp\/v2\/product_brand?post=12329"},{"taxonomy":"product_cat","embeddable":true,"href":"https:\/\/abpolar.ee\/sv\/wp-json\/wp\/v2\/product_cat?post=12329"},{"taxonomy":"product_tag","embeddable":true,"href":"https:\/\/abpolar.ee\/sv\/wp-json\/wp\/v2\/product_tag?post=12329"}],"curies":[{"name":"wp","href":"https:\/\/api.w.org\/{rel}","templated":true}]}}