{"id":12333,"date":"2023-01-30T16:15:25","date_gmt":"2023-01-30T14:15:25","guid":{"rendered":"https:\/\/abpolar-ee.vserver.zonevs.eu\/?post_type=product&#038;p=12333"},"modified":"2025-05-15T14:49:42","modified_gmt":"2025-05-15T11:49:42","slug":"skjutgrind-for-metallstangsel-elegant","status":"publish","type":"product","link":"https:\/\/abpolar.ee\/sv\/produkt\/skjutgrind-for-metallstangsel-elegant\/","title":{"rendered":"Skjutgrind f\u00f6r metallst\u00e4ngsel ELEGANT"},"content":{"rendered":"<h2>Skjutgrind f\u00f6r metallst\u00e4ngsel ELEGANT<\/h2>\n<p>Best\u00e4lld produkt!<\/p>\n<p>H-930mm, \u00f6ppning 4m ZN+RAL (v\u00e4lj din egen f\u00e4rg)<\/p>\n<p>H-1130mm, \u00f6ppning 4m ZN+RAL (v\u00e4lj din egen f\u00e4rg)<\/p>\n<p>H-1430mm, \u00f6ppning 4m ZN+RAL (v\u00e4lj din egen f\u00e4rg)<\/p>\n<p>&nbsp;<\/p>\n<p>OBS! Inte en lagerprodukt. Best\u00e4llningstid 3-4 veckor<br \/>\nVar noga med att ange f\u00e4rg vid best\u00e4llning.<\/p>\n<p>(Standardf\u00e4rger RAL 9005 (svart), RAL 7016 (m\u00f6rkgr\u00e5))<\/p>\n<p><strong>AB Polar O\u00dc \u00e4r ett f\u00f6retag med l\u00e5ng erfarenhet inom detalj- och partihandel av tr\u00e4dg\u00e5rds- och inredningsprodukter i Estland och Finland.<\/strong><\/p>\n<p>V\u00e5ra huvudmarknader \u00e4r Estland och Finland, d\u00e4r vi \u00e4r en etablerad akt\u00f6r och d\u00e4r v\u00e5ra produkter finns att hitta i de st\u00f6rsta byggvaruhusen.<\/p>\n<p>Sedan 2008 har vi f\u00f6rsett b\u00e5de privatkunder och \u00e5terf\u00f6rs\u00e4ljare med h\u00f6gkvalitativa och prisv\u00e4rda l\u00f6sningar f\u00f6r tr\u00e4dg\u00e5rdsbygge och heminredning.<\/p>\n<p>V\u00e5r filosofi \u00e4r enkel \u2013 vi kombinerar kvalitet, funktionalitet och konkurrenskraftiga priser med flexibel och kundanpassad service.<\/p>\n<p><strong>Under 2024 har vi ut\u00f6kat v\u00e5r verksamhet till Sverige.<\/strong><\/p>\n","protected":false},"excerpt":{"rendered":"<p>Skjutgrind f\u00f6r metallst\u00e4ngsel ELEGANT Best\u00e4lld produkt! H-930mm, \u00f6ppning 4m ZN+RAL (v\u00e4lj din egen f\u00e4rg) H-1130mm,&#8230;<\/p>\n","protected":false},"featured_media":10408,"template":"","meta":{"_acf_changed":false,"inline_featured_image":false},"product_brand":[],"product_cat":[490,550,371,500],"product_tag":[],"class_list":{"0":"post-12333","1":"product","2":"type-product","3":"status-publish","4":"has-post-thumbnail","6":"product_cat-grindar","7":"product_cat-skjutgrindar","8":"product_cat-staket-och-tillbehor","9":"product_cat-stalstaket","11":"first","12":"instock","13":"taxable","14":"shipping-taxable","15":"purchasable","16":"product-type-variable"},"acf":[],"_links":{"self":[{"href":"https:\/\/abpolar.ee\/sv\/wp-json\/wp\/v2\/product\/12333","targetHints":{"allow":["GET"]}}],"collection":[{"href":"https:\/\/abpolar.ee\/sv\/wp-json\/wp\/v2\/product"}],"about":[{"href":"https:\/\/abpolar.ee\/sv\/wp-json\/wp\/v2\/types\/product"}],"wp:featuredmedia":[{"embeddable":true,"href":"https:\/\/abpolar.ee\/sv\/wp-json\/wp\/v2\/media\/10408"}],"wp:attachment":[{"href":"https:\/\/abpolar.ee\/sv\/wp-json\/wp\/v2\/media?parent=12333"}],"wp:term":[{"taxonomy":"product_brand","embeddable":true,"href":"https:\/\/abpolar.ee\/sv\/wp-json\/wp\/v2\/product_brand?post=12333"},{"taxonomy":"product_cat","embeddable":true,"href":"https:\/\/abpolar.ee\/sv\/wp-json\/wp\/v2\/product_cat?post=12333"},{"taxonomy":"product_tag","embeddable":true,"href":"https:\/\/abpolar.ee\/sv\/wp-json\/wp\/v2\/product_tag?post=12333"}],"curies":[{"name":"wp","href":"https:\/\/api.w.org\/{rel}","templated":true}]}}