{"id":12337,"date":"2022-11-17T16:08:27","date_gmt":"2022-11-17T14:08:27","guid":{"rendered":"https:\/\/abpolar-ee.vserver.zonevs.eu\/?post_type=product&#038;p=12337"},"modified":"2025-11-09T21:28:28","modified_gmt":"2025-11-09T19:28:28","slug":"sexkantigt-vaxthus","status":"publish","type":"product","link":"https:\/\/abpolar.ee\/sv\/produkt\/sexkantigt-vaxthus\/","title":{"rendered":"Sexkantigt v\u00e4xthus"},"content":{"rendered":"<h2>Sexkantigt v\u00e4xthus<\/h2>\n<p>Det sexkantiga v\u00e4xthuset \u00e4r designat f\u00f6r odling av olika tr\u00e4dg\u00e5rdsgr\u00f6dor.<\/p>\n<p>V\u00e4xthusets ram \u00e4r gjord av aluminium.<\/p>\n<p>V\u00e4xthuset har en d\u00f6rr och ett \u00f6ppningsbart f\u00f6nster<\/p>\n<p>T\u00e4ckmaterialet \u00e4r utskuret ur 4mm polykarbonatplattor s\u00e5 att monteringen g\u00e5r s\u00e5 enkelt och snabbt som m\u00f6jligt.<\/p>\n<p>Setet inneh\u00e5ller allt som beh\u00f6vs f\u00f6r att f\u00e4sta t\u00e4ckmaterialet.<\/p>\n<p>Det rekommenderas att fixa v\u00e4xthuset p\u00e5 en plats skyddad fr\u00e5n vinden.<\/p>\n<p>V\u00e4xthuset har en d\u00f6rr och ett \u00f6ppningsbart f\u00f6nster<\/p>\n<p><strong>Total yta: 3,12 m\u00b2<\/strong><\/p>\n<p><strong>M\u00e5tt: 6&#215;120 cm<\/strong><\/p>\n<p><strong>H\u00f6jd: 180\/235 cm<\/strong><\/p>\n","protected":false},"excerpt":{"rendered":"<p>Sexkantigt v\u00e4xthus Det sexkantiga v\u00e4xthuset \u00e4r designat f\u00f6r odling av olika tr\u00e4dg\u00e5rdsgr\u00f6dor. V\u00e4xthusets ram \u00e4r&#8230;<\/p>\n","protected":false},"featured_media":9764,"template":"","meta":{"_acf_changed":false,"inline_featured_image":false},"product_brand":[],"product_cat":[472,520],"product_tag":[],"class_list":{"0":"post-12337","1":"product","2":"type-product","3":"status-publish","4":"has-post-thumbnail","6":"product_cat-vaxthus","7":"product_cat-vaxthus-med-snedtak","9":"first","10":"instock","11":"sale","12":"taxable","13":"shipping-taxable","14":"purchasable","15":"product-type-simple"},"acf":[],"_links":{"self":[{"href":"https:\/\/abpolar.ee\/sv\/wp-json\/wp\/v2\/product\/12337","targetHints":{"allow":["GET"]}}],"collection":[{"href":"https:\/\/abpolar.ee\/sv\/wp-json\/wp\/v2\/product"}],"about":[{"href":"https:\/\/abpolar.ee\/sv\/wp-json\/wp\/v2\/types\/product"}],"wp:featuredmedia":[{"embeddable":true,"href":"https:\/\/abpolar.ee\/sv\/wp-json\/wp\/v2\/media\/9764"}],"wp:attachment":[{"href":"https:\/\/abpolar.ee\/sv\/wp-json\/wp\/v2\/media?parent=12337"}],"wp:term":[{"taxonomy":"product_brand","embeddable":true,"href":"https:\/\/abpolar.ee\/sv\/wp-json\/wp\/v2\/product_brand?post=12337"},{"taxonomy":"product_cat","embeddable":true,"href":"https:\/\/abpolar.ee\/sv\/wp-json\/wp\/v2\/product_cat?post=12337"},{"taxonomy":"product_tag","embeddable":true,"href":"https:\/\/abpolar.ee\/sv\/wp-json\/wp\/v2\/product_tag?post=12337"}],"curies":[{"name":"wp","href":"https:\/\/api.w.org\/{rel}","templated":true}]}}