{"id":12487,"date":"2024-01-30T13:02:33","date_gmt":"2024-01-30T11:02:33","guid":{"rendered":"https:\/\/abpolar-ee.vserver.zonevs.eu\/?post_type=product&#038;p=12487"},"modified":"2024-01-30T14:32:18","modified_gmt":"2024-01-30T12:32:18","slug":"paviljong-canopia-palram-milano-4300","status":"publish","type":"product","link":"https:\/\/abpolar.ee\/sv\/produkt\/paviljong-canopia-palram-milano-4300\/","title":{"rendered":"Paviljong Canopia By Palram Milano 4300"},"content":{"rendered":"<h2>Paviljong Canopia By Palram Milano 4300<\/h2>\n<div class=\"SonMi\">\n<div class=\"SonMi\">Paviljong Milano 4300 Canopia By Palram, antracitgr\u00e5. Milano 4300 tr\u00e4dg\u00e5rdspaviljong fr\u00e5n Palram &#8211; Canopia \u00e4r en h\u00e5llbar och estetisk l\u00f6sning f\u00f6r din tr\u00e4dg\u00e5rds boyta och den kan anv\u00e4ndas \u00e5ret runt. Ramen \u00e4r en stark aluminiumkonstruktion, pulverlackerad antracitgr\u00e5 och taket \u00e4r 6 mm polykarbonatplattor i dubbla lager med en speciell bronsf\u00e4rg. Taket \u00e4r praktiskt taget obrytbart och skyddar samtidigt mot skadliga UV-str\u00e5lar.<\/div>\n<\/div>\n<div class=\"EtVcZ Ap93o Aw4Wz UI6MA\">\n<div class=\"tztjY\">\n<p>Denna tr\u00e4dg\u00e5rdspaviljong \u00e4r perfekt f\u00f6r ett litet middagss\u00e4llskap och h\u00e4rifr\u00e5n kan du njuta av frisk luft och tr\u00e4dg\u00e5rden \u00e5ret runt. Den erbjuder o\u00e4ndliga anv\u00e4ndningsm\u00f6jligheter: Anv\u00e4nd den som en sval tillflyktsort fr\u00e5n de varma, soliga sommardagarna, till en badtunna under tak, f\u00f6r familjemiddagar etc. Visuellt passar paviljongen bra med de flesta skandinaviska hus.<\/p>\n<p><strong>Egenskaper<\/strong><br \/>\n&#8211; H\u00e5llbar, pulverlackerad aluminiumkonstruktion i antracit med laserskurna, rostfria st\u00e5lfogar.<br \/>\n&#8211; N\u00e4stan okrossbara, 6 mm polykarbonatplattor i dubbla lager skyddar mot skadliga UV-str\u00e5lar, hagel och sn\u00f6.<br \/>\n&#8211; Taket har en unik bronslack, som \u00f6verf\u00f6r naturligt solljus p\u00e5 molniga dagar och ger en h\u00e4rlig skugga p\u00e5 varma, soliga dagar.<br \/>\n&#8211; T\u00e5l h\u00e5rda v\u00e4derf\u00f6rh\u00e5llanden: Du beh\u00f6ver inte ta bort paneler under vinters\u00e4songen.<br \/>\n&#8211; Paviljongen har en 2-personers, g\u00f6r-det-sj\u00e4lv-instruktion med ett enkelt monteringssystem; med skjutpaneler, f\u00f6rborrade profiler, utskurna paneler och alla skruvar ing\u00e5r.<br \/>\n&#8211; Unikt, skruvfritt taksystem som s\u00e4kerst\u00e4ller l\u00e4ckagefritt tak.<br \/>\n&#8211; Gardiner och myggn\u00e4t finns (ing\u00e5r ej).<br \/>\n&#8211; Paviljongen har integrerade skenor och b\u00e5gar f\u00f6r att l\u00e4gga till gardiner\/myggn\u00e4t.<br \/>\n&#8211; Kan flyttas och f\u00f6rankras p\u00e5 valfri yta. F\u00f6rankringsset ing\u00e5r<br \/>\n&#8211; Inkluderar ett integrerat takr\u00e4nnsystem<br \/>\n&#8211; Underh\u00e5llsfri design<br \/>\n&#8211; Tillverkad av 100 % \u00e5tervinningsbara komponenter<\/p>\n<p><strong>Specifikationer:<\/strong><br \/>\n&#8211;<strong> Tr\u00e4dg\u00e5rdspaviljongen har f\u00f6ljande yttre m\u00e5tt: H: 221-225 x B: 426 x D: 309 cm<\/strong><br \/>\n<strong>&#8211; Tr\u00e4dg\u00e5rdspaviljongen har f\u00f6ljande innerm\u00e5tt: H: 210-214 x B: 411 x D: 294 cm<\/strong><br \/>\n<strong>&#8211; H\u00f6jd f\u00f6r takr\u00e4nna: 210 cm<\/strong><br \/>\n<strong>&#8211; Sn\u00f6kapacitet p\u00e5 75 kg\/m\u00b2<\/strong><br \/>\n<strong>&#8211; Vindmotst\u00e5nd p\u00e5 25 m\/s<\/strong><br \/>\n<strong>&#8211; Ljus\u00f6verf\u00f6ring 15 %<\/strong><br \/>\n<strong>&#8211; Yta: 13,2 m2<\/strong><br \/>\n<strong>&#8211; 10 \u00e5rs garanti<\/strong><\/p>\n<p><strong>F\u00e4rg p\u00e5 profiler och glas:<\/strong><br \/>\n<strong>&#8211; Profiler: Gr\u00e5 RAL 7016<\/strong><br \/>\n<strong>&#8211; Glas: Brons<\/strong><\/p>\n<\/div>\n<\/div>\n<p>&nbsp;<\/p>\n","protected":false},"excerpt":{"rendered":"<p>Paviljong Canopia By Palram Milano 4300 Paviljong Milano 4300 Canopia By Palram, antracitgr\u00e5. Milano 4300&#8230;<\/p>\n","protected":false},"featured_media":12473,"template":"","meta":{"_acf_changed":false,"inline_featured_image":false},"product_brand":[],"product_cat":[559,538,543],"product_tag":[],"class_list":{"0":"post-12487","1":"product","2":"type-product","3":"status-publish","4":"has-post-thumbnail","6":"product_cat-terrass","7":"product_cat-tradgardspaviljonger-skarmtak-paviljonger","8":"product_cat-utemiljo","10":"first","11":"instock","12":"taxable","13":"shipping-taxable","14":"purchasable","15":"product-type-simple"},"acf":[],"_links":{"self":[{"href":"https:\/\/abpolar.ee\/sv\/wp-json\/wp\/v2\/product\/12487","targetHints":{"allow":["GET"]}}],"collection":[{"href":"https:\/\/abpolar.ee\/sv\/wp-json\/wp\/v2\/product"}],"about":[{"href":"https:\/\/abpolar.ee\/sv\/wp-json\/wp\/v2\/types\/product"}],"wp:featuredmedia":[{"embeddable":true,"href":"https:\/\/abpolar.ee\/sv\/wp-json\/wp\/v2\/media\/12473"}],"wp:attachment":[{"href":"https:\/\/abpolar.ee\/sv\/wp-json\/wp\/v2\/media?parent=12487"}],"wp:term":[{"taxonomy":"product_brand","embeddable":true,"href":"https:\/\/abpolar.ee\/sv\/wp-json\/wp\/v2\/product_brand?post=12487"},{"taxonomy":"product_cat","embeddable":true,"href":"https:\/\/abpolar.ee\/sv\/wp-json\/wp\/v2\/product_cat?post=12487"},{"taxonomy":"product_tag","embeddable":true,"href":"https:\/\/abpolar.ee\/sv\/wp-json\/wp\/v2\/product_tag?post=12487"}],"curies":[{"name":"wp","href":"https:\/\/api.w.org\/{rel}","templated":true}]}}