{"id":12531,"date":"2024-01-30T14:03:29","date_gmt":"2024-01-30T12:03:29","guid":{"rendered":"https:\/\/abpolar-ee.vserver.zonevs.eu\/?post_type=product&#038;p=12531"},"modified":"2024-01-30T15:41:43","modified_gmt":"2024-01-30T13:41:43","slug":"paviljong-canopia-by-palram-martinique-3600","status":"publish","type":"product","link":"https:\/\/abpolar.ee\/sv\/produkt\/paviljong-canopia-by-palram-martinique-3600\/","title":{"rendered":"Paviljong Canopia by Palram Martinique 3600"},"content":{"rendered":"<h2>Paviljong Canopia by Palram Martinique 3600<\/h2>\n<div class=\"SonMi\">\n<div class=\"SonMi\">Martinique 3600 paviljong fr\u00e5n Canopia by Palram ger elegans till din tr\u00e4dg\u00e5rd och kan anv\u00e4ndas \u00e5ret runt. Den \u00e4r tillverkad i antracitf\u00e4rg, behandlad med en bronsglasyr p\u00e5 takkonstruktionen. Den \u00e4r rostbest\u00e4ndig och ser fantastisk ut i alla tr\u00e4dg\u00e5rdar. F\u00f6rborrade profiler, f\u00f6rskurna paneler och alla skruvar ing\u00e5r.<\/div>\n<\/div>\n<div class=\"EtVcZ Ap93o Aw4Wz UI6MA\">\n<div class=\"tztjY\">\n<p>Elegant och multianv\u00e4ndbar tr\u00e4dg\u00e5rdspaviljong. Paviljongen har en h\u00e5llbar aluminiumkonstruktion och 6 mm polykarbonatpaneler med dubbla lager som skyddar tr\u00e4dg\u00e5rdsm\u00f6blerna fr\u00e5n UV-str\u00e5lar, hagel och sn\u00f6. F\u00f6rst\u00e4rkt design med slitstark och korrosionsbest\u00e4ndig antracit. Pulverlackerade aluminiumprofiler och galvaniserat st\u00e5l.<\/p>\n<p>Bronsglasering &#8211; sl\u00e4pper in naturligt solljus p\u00e5 molniga och regniga dagar och ger tillr\u00e4cklig skugga f\u00f6r varma, soliga dagar. Integrerad takr\u00e4nna och takfot m\u00f6jligg\u00f6r vattenuppsamling. Motst\u00e5r sv\u00e5ra v\u00e4derf\u00f6rh\u00e5llanden och inget behov av att ta bort paneler under vinters\u00e4songen. Integrerade skenor och byglar f\u00f6r att l\u00e4gga till gardiner och\/eller myggn\u00e4t (70 byglar ing\u00e5r).<\/p>\n<p>Paviljongen kan flyttas och f\u00f6rankras till vilken yta som helst. Dekorativ vind- och r\u00f6kventilationsfunktion h\u00f6gst upp i tr\u00e4dg\u00e5rdspaviljongen f\u00f6r \u00f6kat luftfl\u00f6de. Underh\u00e5llsfri design.<\/p>\n<p><strong>M\u00e5tt och fakta<\/strong><br \/>\n&#8211; Ytterm\u00e5tt: B: 360 x D: 295,5 x H: 274,5 cm<br \/>\n&#8211; H\u00f6jd f\u00f6r r\u00e4nnan: 217 cm<br \/>\n&#8211; Total bruttovikt: 80,2 kg<br \/>\n&#8211; Sn\u00f6kapacitet p\u00e5 75 kg\/m2<br \/>\n&#8211; Vindmotst\u00e5nd p\u00e5 25 m\/s<br \/>\n&#8211; Ljustransmission: 15%<br \/>\n&#8211; Yta: 10,6 m2<\/p>\n<\/div>\n<\/div>\n<div><\/div>\n<div>https:\/\/youtu.be\/oSZK3DLxfPY<\/div>\n<div><\/div>\n<div><\/div>\n","protected":false},"excerpt":{"rendered":"<p>Paviljong Canopia by Palram Martinique 3600 Martinique 3600 paviljong fr\u00e5n Canopia by Palram ger elegans&#8230;<\/p>\n","protected":false},"featured_media":12521,"template":"","meta":{"_acf_changed":false,"inline_featured_image":false},"product_brand":[],"product_cat":[559,538,543],"product_tag":[],"class_list":{"0":"post-12531","1":"product","2":"type-product","3":"status-publish","4":"has-post-thumbnail","6":"product_cat-terrass","7":"product_cat-tradgardspaviljonger-skarmtak-paviljonger","8":"product_cat-utemiljo","10":"first","11":"instock","12":"sale","13":"taxable","14":"shipping-taxable","15":"purchasable","16":"product-type-simple"},"acf":[],"_links":{"self":[{"href":"https:\/\/abpolar.ee\/sv\/wp-json\/wp\/v2\/product\/12531","targetHints":{"allow":["GET"]}}],"collection":[{"href":"https:\/\/abpolar.ee\/sv\/wp-json\/wp\/v2\/product"}],"about":[{"href":"https:\/\/abpolar.ee\/sv\/wp-json\/wp\/v2\/types\/product"}],"wp:featuredmedia":[{"embeddable":true,"href":"https:\/\/abpolar.ee\/sv\/wp-json\/wp\/v2\/media\/12521"}],"wp:attachment":[{"href":"https:\/\/abpolar.ee\/sv\/wp-json\/wp\/v2\/media?parent=12531"}],"wp:term":[{"taxonomy":"product_brand","embeddable":true,"href":"https:\/\/abpolar.ee\/sv\/wp-json\/wp\/v2\/product_brand?post=12531"},{"taxonomy":"product_cat","embeddable":true,"href":"https:\/\/abpolar.ee\/sv\/wp-json\/wp\/v2\/product_cat?post=12531"},{"taxonomy":"product_tag","embeddable":true,"href":"https:\/\/abpolar.ee\/sv\/wp-json\/wp\/v2\/product_tag?post=12531"}],"curies":[{"name":"wp","href":"https:\/\/api.w.org\/{rel}","templated":true}]}}