{"id":12699,"date":"2024-01-30T13:02:54","date_gmt":"2024-01-30T11:02:54","guid":{"rendered":"https:\/\/abpolar-ee.vserver.zonevs.eu\/?post_type=product&#038;p=12699"},"modified":"2024-01-31T16:33:44","modified_gmt":"2024-01-31T14:33:44","slug":"terrasstak-canopia-by-palram-feria-3x546m-gra-ljus","status":"publish","type":"product","link":"https:\/\/abpolar.ee\/sv\/produkt\/terrasstak-canopia-by-palram-feria-3x546m-gra-ljus\/","title":{"rendered":"Terrasstak Canopia by Palram Feria 3\u00d75,46m gr\u00e5\/ljus"},"content":{"rendered":"<h2 class=\"product_title entry-title\">Terrasstak Canopia by Palram Feria 3\u00d75,46m gr\u00e5\/ljus<\/h2>\n<div class=\"SonMi\">\n<div class=\"SonMi\">Altantak gop Feria Komplett 3\u00d75,46\u00a0 gr\u00e5 \u00e4r ett komplett altantak med m\u00e5nga anv\u00e4ndningsomr\u00e5den d\u00e5 man kan kombinera altantaket till en m\u00e4ngd olika storlekar. Altantaket \u00e4r l\u00e4ttmonterat och n\u00e4stintill underh\u00e5llsfritt.<\/div>\n<\/div>\n<div class=\"EtVcZ Ap93o Aw4Wz UI6MA\">\n<div class=\"tztjY\">Altantak Feria \u00e4r ett stilrent och komplett altantak i elegant design som passar till de flesta altaner och uteplatser och till\u00e4mpar sig \u00e4ven som carport och andra anv\u00e4ndningsomr\u00e5den d\u00e5 taket kan erbjudas i en m\u00e4ngd olika l\u00e4ngder. Takskivor av slagt\u00e5lig 8 mm polykarbonat med kanalkonstruktion och 100 % UV-skydd. Taket har en stabil rostbest\u00e4ndig pulverlackerad aluminumkonstruktion med galvaniserade st\u00e5lbeslag. Anpassa det efter dina behov genom att \u00e4ndra det justerbara takets h\u00f6jd och de flyttbara stolparna. K\u00f6p till ett skarvkit f\u00f6r att \u00e4ndra altantakets bredd. Gop Feria \u00e4r enkelt att montera d\u00e5 taksivorna klickas fast i profilerna. Taket ger ett behagligt ljusinsl\u00e4pp och har inbyggda r\u00e4nnor som leder bort regnvatten. Taket kr\u00e4ver minimalt underh\u00e5ll.<\/div>\n<\/div>\n<div><\/div>\n<div><strong>F\u00e4rg : Gr\u00e5<\/strong><br \/>\n<strong>Bredd: 2,95m<\/strong><br \/>\n<strong>L\u00e4ngd: 5,46 m<\/strong><br \/>\n<strong>H\u00f6jd: 3,05<\/strong><br \/>\n<strong>Area : 16 m2<\/strong><br \/>\n<strong>Vikt : 100 kg<\/strong><br \/>\n<strong>Material : Aluminium\/St\u00e5l\/PolykarbonatPlast<\/strong><br \/>\n<strong>Max Sn\u00f6last : 150 kg\/m2<\/strong><\/div>\n<div><\/div>\n<div><strong>\u00d6vrigt<\/strong><br \/>\n<strong>\u2013 Justerbar h\u00f6jd: 260-305 cm<\/strong><br \/>\n<strong>\u2013 Ljusgenomsl\u00e4pp: 65 %<\/strong><br \/>\n<strong>\u2013 Garanti: 10 \u00e5r<\/strong><\/div>\n<div><\/div>\n<div><strong>Sk\u00f6tselr\u00e5d<\/strong><br \/>\n\u2013 Reng\u00f6r med vatten och s\u00e5pa<br \/>\n\u2013 Anv\u00e4nd en mjuk tv\u00e4ttsvamp eller trasa<br \/>\n\u2013 Anv\u00e4nd aldrig organiska l\u00f6sningsmedel, syra eller basiska produkter om de inte \u00e4r godk\u00e4nda f\u00f6r materialet annars kan materialet skadasSN\u00d6LAST<br \/>\n\u00d6verdriven sn\u00f6last ska alltid tas bort fr\u00e5n taken. Garantin t\u00e4cker inte takets kollaps p\u00e5 grund av sn\u00f6lastens \u00f6vervikt.<\/div>\n<div><\/div>\n<div id=\"arve-youtube-fp_xgogttg465ba1c97ee01a345681173\" class=\"arve arve-hover-effect-darken\" data-mode=\"lazyload\" data-oembed=\"1\" data-provider=\"youtube\" data-reset-after-played=\"\" data-fullscreen=\"disabled\" data-volume=\"100\">\n<div id=\"arve-youtube-fp_xgogttg465ba385aec5d8999695506\" class=\"arve arve-hover-effect-darken\" data-mode=\"lazyload\" data-oembed=\"1\" data-provider=\"youtube\" data-reset-after-played=\"\" data-fullscreen=\"disabled\" data-volume=\"100\"><span class=\"arve-inner\"><span class=\"arve-embed arve-embed--has-aspect-ratio\"><img decoding=\"async\" class=\"arve-thumbnail\" src=\"https:\/\/i.ytimg.com\/vi\/fP_XGOgTTg4\/hqdefault.jpg\" srcset=\"https:\/\/i.ytimg.com\/vi\/fP_XGOgTTg4\/mqdefault.jpg 320w, https:\/\/i.ytimg.com\/vi\/fP_XGOgTTg4\/hqdefault.jpg 480w, https:\/\/i.ytimg.com\/vi\/fP_XGOgTTg4\/sddefault.jpg 640w, https:\/\/i.ytimg.com\/vi\/fP_XGOgTTg4\/maxresdefault.jpg 1280w\" alt=\"How to Assemble Feria\u2122 Patio Cover | Canopia by Palram\" width=\"480\" height=\"360\" \/><\/span><\/span><\/div>\n<\/div>\n","protected":false},"excerpt":{"rendered":"<p>Terrasstak Canopia by Palram Feria 3\u00d75,46m gr\u00e5\/ljus Altantak gop Feria Komplett 3\u00d75,46\u00a0 gr\u00e5 \u00e4r ett&#8230;<\/p>\n","protected":false},"featured_media":12669,"template":"","meta":{"_acf_changed":false,"inline_featured_image":false},"product_brand":[],"product_cat":[559,538,543],"product_tag":[],"class_list":{"0":"post-12699","1":"product","2":"type-product","3":"status-publish","4":"has-post-thumbnail","6":"product_cat-terrass","7":"product_cat-tradgardspaviljonger-skarmtak-paviljonger","8":"product_cat-utemiljo","10":"first","11":"instock","12":"sale","13":"taxable","14":"shipping-taxable","15":"purchasable","16":"product-type-simple"},"acf":[],"_links":{"self":[{"href":"https:\/\/abpolar.ee\/sv\/wp-json\/wp\/v2\/product\/12699","targetHints":{"allow":["GET"]}}],"collection":[{"href":"https:\/\/abpolar.ee\/sv\/wp-json\/wp\/v2\/product"}],"about":[{"href":"https:\/\/abpolar.ee\/sv\/wp-json\/wp\/v2\/types\/product"}],"wp:featuredmedia":[{"embeddable":true,"href":"https:\/\/abpolar.ee\/sv\/wp-json\/wp\/v2\/media\/12669"}],"wp:attachment":[{"href":"https:\/\/abpolar.ee\/sv\/wp-json\/wp\/v2\/media?parent=12699"}],"wp:term":[{"taxonomy":"product_brand","embeddable":true,"href":"https:\/\/abpolar.ee\/sv\/wp-json\/wp\/v2\/product_brand?post=12699"},{"taxonomy":"product_cat","embeddable":true,"href":"https:\/\/abpolar.ee\/sv\/wp-json\/wp\/v2\/product_cat?post=12699"},{"taxonomy":"product_tag","embeddable":true,"href":"https:\/\/abpolar.ee\/sv\/wp-json\/wp\/v2\/product_tag?post=12699"}],"curies":[{"name":"wp","href":"https:\/\/api.w.org\/{rel}","templated":true}]}}