{"id":13221,"date":"2024-03-01T13:06:12","date_gmt":"2024-03-01T11:06:12","guid":{"rendered":"https:\/\/abpolar-ee.vserver.zonevs.eu\/?post_type=product&#038;p=13221"},"modified":"2024-03-06T15:29:26","modified_gmt":"2024-03-06T13:29:26","slug":"dorr-till-vaxthuset-klassik","status":"publish","type":"product","link":"https:\/\/abpolar.ee\/sv\/produkt\/dorr-till-vaxthuset-klassik\/","title":{"rendered":"D\u00f6rr till v\u00e4xthuset Klassik"},"content":{"rendered":"<h2>D\u00f6rr till v\u00e4xthuset Klassik<\/h2>\n<p>Det \u00e4r m\u00f6jligt att l\u00e4gga till en extra d\u00f6rr till v\u00e4xthuset.<\/p>\n","protected":false},"excerpt":{"rendered":"<p>D\u00f6rr till v\u00e4xthuset Klassik Det \u00e4r m\u00f6jligt att l\u00e4gga till en extra d\u00f6rr till v\u00e4xthuset.<\/p>\n","protected":false},"featured_media":13213,"template":"","meta":{"_acf_changed":false,"inline_featured_image":false},"product_brand":[],"product_cat":[515],"product_tag":[],"class_list":{"0":"post-13221","1":"product","2":"type-product","3":"status-publish","4":"has-post-thumbnail","6":"product_cat-vaxthus-tillbehor","7":"product_shipping_class-paket-upp-till-30kg","9":"first","10":"instock","11":"taxable","12":"shipping-taxable","13":"purchasable","14":"product-type-simple"},"acf":[],"_links":{"self":[{"href":"https:\/\/abpolar.ee\/sv\/wp-json\/wp\/v2\/product\/13221","targetHints":{"allow":["GET"]}}],"collection":[{"href":"https:\/\/abpolar.ee\/sv\/wp-json\/wp\/v2\/product"}],"about":[{"href":"https:\/\/abpolar.ee\/sv\/wp-json\/wp\/v2\/types\/product"}],"wp:featuredmedia":[{"embeddable":true,"href":"https:\/\/abpolar.ee\/sv\/wp-json\/wp\/v2\/media\/13213"}],"wp:attachment":[{"href":"https:\/\/abpolar.ee\/sv\/wp-json\/wp\/v2\/media?parent=13221"}],"wp:term":[{"taxonomy":"product_brand","embeddable":true,"href":"https:\/\/abpolar.ee\/sv\/wp-json\/wp\/v2\/product_brand?post=13221"},{"taxonomy":"product_cat","embeddable":true,"href":"https:\/\/abpolar.ee\/sv\/wp-json\/wp\/v2\/product_cat?post=13221"},{"taxonomy":"product_tag","embeddable":true,"href":"https:\/\/abpolar.ee\/sv\/wp-json\/wp\/v2\/product_tag?post=13221"}],"curies":[{"name":"wp","href":"https:\/\/api.w.org\/{rel}","templated":true}]}}