{"id":13229,"date":"2024-03-01T13:05:42","date_gmt":"2024-03-01T11:05:42","guid":{"rendered":"https:\/\/abpolar-ee.vserver.zonevs.eu\/?post_type=product&#038;p=13229"},"modified":"2024-03-06T15:47:20","modified_gmt":"2024-03-06T13:47:20","slug":"grundstomme-till-vaxthuset-klassisk-3x4m","status":"publish","type":"product","link":"https:\/\/abpolar.ee\/sv\/produkt\/grundstomme-till-vaxthuset-klassisk-3x4m\/","title":{"rendered":"Grundstomme till v\u00e4xthuset KLASSISK 3x4m"},"content":{"rendered":"<h2>Grundstomme till v\u00e4xthuset KLASSISK 3x4m<\/h2>\n<p>Grundstommen \u00e4r tillverkad av galvaniserad st\u00e5lprofil 89&#215;40 mm. T-formade ben \u00e4r tillverkade av galvaniserad st\u00e5lprofil 40&#215;40 mm<br \/>\nPassar till Klassik 3&#215;4 v\u00e4xthus.<\/p>\n<p>\u2022 Ramen \u00e4r helt l\u00f6stagbar<br \/>\n\u2022 6 ankare (T-formade)<br \/>\n\u2022 skruvar<\/p>\n","protected":false},"excerpt":{"rendered":"<p>Grundstomme till v\u00e4xthuset KLASSISK 3x4m Grundstommen \u00e4r tillverkad av galvaniserad st\u00e5lprofil 89&#215;40 mm. T-formade ben&#8230;<\/p>\n","protected":false},"featured_media":13184,"template":"","meta":{"_acf_changed":false,"inline_featured_image":false},"product_brand":[],"product_cat":[472,520,515],"product_tag":[],"class_list":{"0":"post-13229","1":"product","2":"type-product","3":"status-publish","4":"has-post-thumbnail","6":"product_cat-vaxthus","7":"product_cat-vaxthus-med-snedtak","8":"product_cat-vaxthus-tillbehor","9":"product_shipping_class-paket-upp-till-30kg","11":"first","12":"instock","13":"taxable","14":"shipping-taxable","15":"purchasable","16":"product-type-simple"},"acf":[],"_links":{"self":[{"href":"https:\/\/abpolar.ee\/sv\/wp-json\/wp\/v2\/product\/13229","targetHints":{"allow":["GET"]}}],"collection":[{"href":"https:\/\/abpolar.ee\/sv\/wp-json\/wp\/v2\/product"}],"about":[{"href":"https:\/\/abpolar.ee\/sv\/wp-json\/wp\/v2\/types\/product"}],"wp:featuredmedia":[{"embeddable":true,"href":"https:\/\/abpolar.ee\/sv\/wp-json\/wp\/v2\/media\/13184"}],"wp:attachment":[{"href":"https:\/\/abpolar.ee\/sv\/wp-json\/wp\/v2\/media?parent=13229"}],"wp:term":[{"taxonomy":"product_brand","embeddable":true,"href":"https:\/\/abpolar.ee\/sv\/wp-json\/wp\/v2\/product_brand?post=13229"},{"taxonomy":"product_cat","embeddable":true,"href":"https:\/\/abpolar.ee\/sv\/wp-json\/wp\/v2\/product_cat?post=13229"},{"taxonomy":"product_tag","embeddable":true,"href":"https:\/\/abpolar.ee\/sv\/wp-json\/wp\/v2\/product_tag?post=13229"}],"curies":[{"name":"wp","href":"https:\/\/api.w.org\/{rel}","templated":true}]}}