{"id":13232,"date":"2024-03-01T13:05:20","date_gmt":"2024-03-01T11:05:20","guid":{"rendered":"https:\/\/abpolar-ee.vserver.zonevs.eu\/?post_type=product&#038;p=13232"},"modified":"2024-03-06T15:55:22","modified_gmt":"2024-03-06T13:55:22","slug":"forlangning-till-vaxthuset-classic-polykarbonat-6mm","status":"publish","type":"product","link":"https:\/\/abpolar.ee\/sv\/produkt\/forlangning-till-vaxthuset-classic-polykarbonat-6mm\/","title":{"rendered":"F\u00f6rl\u00e4ngning till v\u00e4xthuset Classic, polykarbonat 6mm"},"content":{"rendered":"<h2>F\u00f6rl\u00e4ngning till v\u00e4xthuset Classic, polykarbonat 6mm<\/h2>\n<p>Valvv\u00e4xthus Klassik tillbyggnad eller till\u00e4ggsmodul, som ger en f\u00f6rl\u00e4ngning p\u00e5 2 m. Max 3 extra moduler kan anv\u00e4ndas, vilket ger v\u00e4xthusets l\u00e4ngd 3 x 10 m. V\u00e4xthusets stomme \u00e4r gjord av galvaniserad st\u00e5lprofil 40x40mm. F\u00f6rl\u00e4ngningen har 4 mm tjock bikakepolykarbonat, som \u00e4r delvis tillskuren.<br \/>\nSetet inneh\u00e5ller allt som beh\u00f6vs f\u00f6r att f\u00e4sta t\u00e4ckmaterialet.<\/p>\n<p>OBS! Det finns inga gavelv\u00e4ggar i v\u00e4xthuset, k\u00f6p denna tillbyggnad ut\u00f6ver huvuddelen!<\/p>\n<p><strong>Bredd: 3m<\/strong><br \/>\n<strong>L\u00e4ngd: 2m<\/strong><br \/>\n<strong>Polykarbonat 6 mm<\/strong><\/p>\n","protected":false},"excerpt":{"rendered":"<p>F\u00f6rl\u00e4ngning till v\u00e4xthuset Classic, polykarbonat 6mm Valvv\u00e4xthus Klassik tillbyggnad eller till\u00e4ggsmodul, som ger en f\u00f6rl\u00e4ngning&#8230;<\/p>\n","protected":false},"featured_media":13203,"template":"","meta":{"_acf_changed":false,"inline_featured_image":false},"product_brand":[],"product_cat":[472,520,515],"product_tag":[],"class_list":{"0":"post-13232","1":"product","2":"type-product","3":"status-publish","4":"has-post-thumbnail","6":"product_cat-vaxthus","7":"product_cat-vaxthus-med-snedtak","8":"product_cat-vaxthus-tillbehor","9":"product_shipping_class-eur-sv","11":"first","12":"instock","13":"taxable","14":"shipping-taxable","15":"purchasable","16":"product-type-simple"},"acf":[],"_links":{"self":[{"href":"https:\/\/abpolar.ee\/sv\/wp-json\/wp\/v2\/product\/13232","targetHints":{"allow":["GET"]}}],"collection":[{"href":"https:\/\/abpolar.ee\/sv\/wp-json\/wp\/v2\/product"}],"about":[{"href":"https:\/\/abpolar.ee\/sv\/wp-json\/wp\/v2\/types\/product"}],"wp:featuredmedia":[{"embeddable":true,"href":"https:\/\/abpolar.ee\/sv\/wp-json\/wp\/v2\/media\/13203"}],"wp:attachment":[{"href":"https:\/\/abpolar.ee\/sv\/wp-json\/wp\/v2\/media?parent=13232"}],"wp:term":[{"taxonomy":"product_brand","embeddable":true,"href":"https:\/\/abpolar.ee\/sv\/wp-json\/wp\/v2\/product_brand?post=13232"},{"taxonomy":"product_cat","embeddable":true,"href":"https:\/\/abpolar.ee\/sv\/wp-json\/wp\/v2\/product_cat?post=13232"},{"taxonomy":"product_tag","embeddable":true,"href":"https:\/\/abpolar.ee\/sv\/wp-json\/wp\/v2\/product_tag?post=13232"}],"curies":[{"name":"wp","href":"https:\/\/api.w.org\/{rel}","templated":true}]}}