{"id":13258,"date":"2024-03-01T13:05:23","date_gmt":"2024-03-01T11:05:23","guid":{"rendered":"https:\/\/abpolar-ee.vserver.zonevs.eu\/?post_type=product&#038;p=13258"},"modified":"2024-03-06T16:37:01","modified_gmt":"2024-03-06T14:37:01","slug":"vaxthus-classic-25x4m-polykarbonat-4mm","status":"publish","type":"product","link":"https:\/\/abpolar.ee\/sv\/produkt\/vaxthus-classic-25x4m-polykarbonat-4mm\/","title":{"rendered":"V\u00e4xthus CLASSIC 2,5x4m, polykarbonat 4mm"},"content":{"rendered":"<h2>V\u00e4xthus CLASSIC 2,5x4m, polykarbonat 4mm<\/h2>\n<p>Det gaveltakade v\u00e4xthuset Klassik \u00e4r tillverkat av galvaniserad st\u00e5lprofil 40x40mm. Zinkbel\u00e4ggningen skyddar v\u00e4xthusstommen perfekt fr\u00e5n korrosion.<br \/>\nV\u00e4xthuset har 4 mm tjockt bikakepolykarbonat, som \u00e4r delvis tillskuret.<br \/>\nSetet inneh\u00e5ller allt som beh\u00f6vs f\u00f6r att f\u00e4sta t\u00e4ckmaterialet. V\u00e4xthuset kan ut\u00f6kas med 2m tillbyggnader.<br \/>\nV\u00e4xthuset har en helt eller delvis \u00f6ppen d\u00f6rr framtill och ett f\u00f6nster p\u00e5 baksidan.<br \/>\nDet finns m\u00f6jlighet att k\u00f6pa en extra d\u00f6rr och takf\u00f6nster.<\/p>\n<p><strong>Bredd: 2,5 m<\/strong><br \/>\n<strong>L\u00e4ngd: 4m<\/strong><br \/>\n<strong>H\u00f6jd: 2,20m<\/strong><br \/>\n<strong>V\u00e4ggh\u00f6jd: 1,50m<\/strong><br \/>\n<strong>Polykarbonat 4<\/strong><strong>\u00a0mm<\/strong><br \/>\n<strong>D\u00f6rrar: 1 st<\/strong><br \/>\n<strong>F\u00f6nster: 2 st (p\u00e5 baksidan och p\u00e5 ytterd\u00f6rren)<\/strong><\/p>\n<p>Det finns m\u00f6jlighet att k\u00f6pa en extra d\u00f6rr och ett f\u00f6nster mot taket<\/p>\n<p>Sn\u00f6belastning 160 kg\/m\u00b2 (motsvarande 30-40 cm sn\u00f6t\u00e4cke)<br \/>\nVid l\u00e5ngvarigt sn\u00f6fall rekommenderas sn\u00f6r\u00f6jning.<\/p>\n","protected":false},"excerpt":{"rendered":"<p>V\u00e4xthus CLASSIC 2,5x4m, polykarbonat 4mm Det gaveltakade v\u00e4xthuset Klassik \u00e4r tillverkat av galvaniserad st\u00e5lprofil 40x40mm&#8230;.<\/p>\n","protected":false},"featured_media":13241,"template":"","meta":{"_acf_changed":false,"inline_featured_image":false},"product_brand":[],"product_cat":[472,520],"product_tag":[],"class_list":{"0":"post-13258","1":"product","2":"type-product","3":"status-publish","4":"has-post-thumbnail","6":"product_cat-vaxthus","7":"product_cat-vaxthus-med-snedtak","8":"product_shipping_class-eur-sv","10":"first","11":"instock","12":"taxable","13":"shipping-taxable","14":"purchasable","15":"product-type-simple"},"acf":[],"_links":{"self":[{"href":"https:\/\/abpolar.ee\/sv\/wp-json\/wp\/v2\/product\/13258","targetHints":{"allow":["GET"]}}],"collection":[{"href":"https:\/\/abpolar.ee\/sv\/wp-json\/wp\/v2\/product"}],"about":[{"href":"https:\/\/abpolar.ee\/sv\/wp-json\/wp\/v2\/types\/product"}],"wp:featuredmedia":[{"embeddable":true,"href":"https:\/\/abpolar.ee\/sv\/wp-json\/wp\/v2\/media\/13241"}],"wp:attachment":[{"href":"https:\/\/abpolar.ee\/sv\/wp-json\/wp\/v2\/media?parent=13258"}],"wp:term":[{"taxonomy":"product_brand","embeddable":true,"href":"https:\/\/abpolar.ee\/sv\/wp-json\/wp\/v2\/product_brand?post=13258"},{"taxonomy":"product_cat","embeddable":true,"href":"https:\/\/abpolar.ee\/sv\/wp-json\/wp\/v2\/product_cat?post=13258"},{"taxonomy":"product_tag","embeddable":true,"href":"https:\/\/abpolar.ee\/sv\/wp-json\/wp\/v2\/product_tag?post=13258"}],"curies":[{"name":"wp","href":"https:\/\/api.w.org\/{rel}","templated":true}]}}