{"id":15876,"date":"2025-01-15T11:00:29","date_gmt":"2025-01-15T09:00:29","guid":{"rendered":"https:\/\/abpolar.ee\/?post_type=product&#038;p=15876"},"modified":"2025-01-15T12:21:37","modified_gmt":"2025-01-15T10:21:37","slug":"fotgrindsram-1m-bred-ral6005-med-locinox-las","status":"publish","type":"product","link":"https:\/\/abpolar.ee\/sv\/produkt\/fotgrindsram-1m-bred-ral6005-med-locinox-las\/","title":{"rendered":"Fotgrindsram 1m bred RAL6005 med LOCINOX-l\u00e5s"},"content":{"rendered":"<h2>Fotgrindsram 1m bred RAL6005 med LOCINOX-l\u00e5s<\/h2>\n<p>Portkarmen kan t\u00e4ckas med valt material (skiva, tr\u00e4, panel) Grinden kan \u00f6ppnas b\u00e5de ut\u00e5t och in\u00e5t beroende p\u00e5 hur du installerar grindl\u00e5set. Stolparna och ramen p\u00e5 m\u00e5let \u00e4r gjorda av fyrh\u00f6rnigt st\u00e5l.<\/p>\n<ul>\n<li><strong>Ramh\u00f6jder: 0,95 m, 1,15 m, 1,45 m, 1,65 m, 1,95 m<\/strong><\/li>\n<li><strong>Bredden p\u00e5 grindramen \u00e4r 1 m<\/strong><\/li>\n<li><strong>M\u00e5lstolpen \u00e4r 70 cm l\u00e4ngre \u00e4n m\u00e5let<\/strong><\/li>\n<li><strong>M\u00e5tten p\u00e5 m\u00e5lstolpen \u00e4r 80 x 80 mm, stolpens v\u00e4ggtjocklek \u00e4r 2 mm<\/strong><\/li>\n<li><strong>M\u00e5tten p\u00e5 grindkarmen \u00e4r 60 x 40 mm och v\u00e4ggtjockleken \u00e4r 1,5 mm<\/strong><\/li>\n<li><strong>Setet inneh\u00e5ller: stolpar, grind, g\u00e5ngj\u00e4rn, handtag, locinoxl\u00e5s<\/strong><\/li>\n<\/ul>\n<p>Om du installerar en tr\u00e4skiva p\u00e5 denna grind, k\u00f6p en extra Locinox l\u00e5sram<\/p>\n","protected":false},"excerpt":{"rendered":"<p>Fotgrindsram 1m bred RAL6005 med LOCINOX-l\u00e5s Portkarmen kan t\u00e4ckas med valt material (skiva, tr\u00e4, panel)&#8230;<\/p>\n","protected":false},"featured_media":15955,"template":"","meta":{"_acf_changed":false,"inline_featured_image":false},"product_brand":[],"product_cat":[490,492,371],"product_tag":[],"class_list":{"0":"post-15876","1":"product","2":"type-product","3":"status-publish","4":"has-post-thumbnail","6":"product_cat-grindar","7":"product_cat-grindar-for-fotgangare","8":"product_cat-staket-och-tillbehor","10":"first","11":"instock","12":"taxable","13":"shipping-taxable","14":"purchasable","15":"product-type-variable"},"acf":[],"_links":{"self":[{"href":"https:\/\/abpolar.ee\/sv\/wp-json\/wp\/v2\/product\/15876","targetHints":{"allow":["GET"]}}],"collection":[{"href":"https:\/\/abpolar.ee\/sv\/wp-json\/wp\/v2\/product"}],"about":[{"href":"https:\/\/abpolar.ee\/sv\/wp-json\/wp\/v2\/types\/product"}],"wp:featuredmedia":[{"embeddable":true,"href":"https:\/\/abpolar.ee\/sv\/wp-json\/wp\/v2\/media\/15955"}],"wp:attachment":[{"href":"https:\/\/abpolar.ee\/sv\/wp-json\/wp\/v2\/media?parent=15876"}],"wp:term":[{"taxonomy":"product_brand","embeddable":true,"href":"https:\/\/abpolar.ee\/sv\/wp-json\/wp\/v2\/product_brand?post=15876"},{"taxonomy":"product_cat","embeddable":true,"href":"https:\/\/abpolar.ee\/sv\/wp-json\/wp\/v2\/product_cat?post=15876"},{"taxonomy":"product_tag","embeddable":true,"href":"https:\/\/abpolar.ee\/sv\/wp-json\/wp\/v2\/product_tag?post=15876"}],"curies":[{"name":"wp","href":"https:\/\/api.w.org\/{rel}","templated":true}]}}