{"id":15927,"date":"2024-09-06T11:55:20","date_gmt":"2024-09-06T08:55:20","guid":{"rendered":"https:\/\/abpolar.ee\/?post_type=product&#038;p=15927"},"modified":"2025-01-16T14:34:57","modified_gmt":"2025-01-16T12:34:57","slug":"dubbel-slaggrind-5-m-ral6005-gron","status":"publish","type":"product","link":"https:\/\/abpolar.ee\/sv\/produkt\/dubbel-slaggrind-5-m-ral6005-gron\/","title":{"rendered":"Dubbel slaggrind 5 m RAL6005 gr\u00f6n"},"content":{"rendered":"<h2 class=\"prod_show_name\">Dubbel slaggrind 5 m RAL6005 gr\u00f6n<\/h2>\n<p>Grindens stomme med en bredd p\u00e5 ~5 m \u00e4r gjord av zinkr\u00f6r och pulverlackerad RAL6005 gr\u00f6n. grindsetet inneh\u00e5ller tv\u00e5 vingar, bredden p\u00e5 en vinge \u00e4r 2,5 m.<br \/>\nGrindramen kan t\u00e4ckas med det valda materialet (br\u00e4da, tr\u00e4, panel). Det \u00e4r m\u00f6jligt att f\u00e4sta automatik p\u00e5 slaggrinden.<br \/>\nPorten kan \u00f6ppnas b\u00e5de ut\u00e5t och in\u00e5t. Stolparna och ramen p\u00e5 m\u00e5let \u00e4r gjorda av fyrh\u00f6rnigt st\u00e5l.<\/p>\n<ul>\n<li><strong>H\u00f6jder: 0,95m, 1,15m, 1,45m, 1,65m, 1,95m<\/strong><\/li>\n<li><strong>Bredden p\u00e5 en vinge \u00e4r 2,5 m<\/strong><\/li>\n<li><strong>M\u00e5lstolpen \u00e4r 70 cm l\u00e4ngre \u00e4n m\u00e5let<\/strong><\/li>\n<li><strong>M\u00e5tten p\u00e5 m\u00e5lstolpen \u00e4r 80 x 80 mm, stolpens v\u00e4ggtjocklek \u00e4r 2 mm<\/strong><\/li>\n<li><strong>M\u00e5tten p\u00e5 grindkarmen \u00e4r 60 x 40 mm och v\u00e4ggtjockleken \u00e4r 1,5 mm<\/strong><\/li>\n<li><strong>Setet inneh\u00e5ller: stolpar, grind, g\u00e5ngj\u00e4rn, vindklaff.<\/strong><\/li>\n<\/ul>\n<p>&nbsp;<\/p>\n<h3>INNAN INSTALLATION M\u00c4T UT UTRYMMEN P\u00c5 GRINDSTOLPEN!<\/h3>\n","protected":false},"excerpt":{"rendered":"<p>Dubbel slaggrind 5 m RAL6005 gr\u00f6n Grindens stomme med en bredd p\u00e5 ~5 m \u00e4r&#8230;<\/p>\n","protected":false},"featured_media":10078,"template":"","meta":{"_acf_changed":false,"inline_featured_image":false},"product_brand":[],"product_cat":[491,490,371],"product_tag":[],"class_list":{"0":"post-15927","1":"product","2":"type-product","3":"status-publish","4":"has-post-thumbnail","6":"product_cat-dubbelgrind","7":"product_cat-grindar","8":"product_cat-staket-och-tillbehor","10":"first","11":"instock","12":"taxable","13":"shipping-taxable","14":"purchasable","15":"product-type-variable"},"acf":[],"_links":{"self":[{"href":"https:\/\/abpolar.ee\/sv\/wp-json\/wp\/v2\/product\/15927","targetHints":{"allow":["GET"]}}],"collection":[{"href":"https:\/\/abpolar.ee\/sv\/wp-json\/wp\/v2\/product"}],"about":[{"href":"https:\/\/abpolar.ee\/sv\/wp-json\/wp\/v2\/types\/product"}],"wp:featuredmedia":[{"embeddable":true,"href":"https:\/\/abpolar.ee\/sv\/wp-json\/wp\/v2\/media\/10078"}],"wp:attachment":[{"href":"https:\/\/abpolar.ee\/sv\/wp-json\/wp\/v2\/media?parent=15927"}],"wp:term":[{"taxonomy":"product_brand","embeddable":true,"href":"https:\/\/abpolar.ee\/sv\/wp-json\/wp\/v2\/product_brand?post=15927"},{"taxonomy":"product_cat","embeddable":true,"href":"https:\/\/abpolar.ee\/sv\/wp-json\/wp\/v2\/product_cat?post=15927"},{"taxonomy":"product_tag","embeddable":true,"href":"https:\/\/abpolar.ee\/sv\/wp-json\/wp\/v2\/product_tag?post=15927"}],"curies":[{"name":"wp","href":"https:\/\/api.w.org\/{rel}","templated":true}]}}