{"id":15941,"date":"2024-08-30T11:00:12","date_gmt":"2024-08-30T08:00:12","guid":{"rendered":"https:\/\/abpolar.ee\/?post_type=product&#038;p=15941"},"modified":"2025-01-16T11:57:54","modified_gmt":"2025-01-16T09:57:54","slug":"tradbeslag-svart","status":"publish","type":"product","link":"https:\/\/abpolar.ee\/sv\/produkt\/tradbeslag-svart\/","title":{"rendered":"Tr\u00e5dbeslag svart"},"content":{"rendered":"<h2>Tr\u00e5dbeslag svart<\/h2>\n<p>F\u00f6r fasts\u00e4ttning av st\u00e4ngseltr\u00e5d. L\u00e4mplig f\u00f6r staketstolpar med runda mesh. F\u00e4ster n\u00e4tstaketet p\u00e5 stolpen.<\/p>\n","protected":false},"excerpt":{"rendered":"<p>Tr\u00e5dbeslag svart F\u00f6r fasts\u00e4ttning av st\u00e4ngseltr\u00e5d. L\u00e4mplig f\u00f6r staketstolpar med runda mesh. F\u00e4ster n\u00e4tstaketet p\u00e5&#8230;<\/p>\n","protected":false},"featured_media":14999,"template":"","meta":{"_acf_changed":false,"inline_featured_image":false},"product_brand":[],"product_cat":[475],"product_tag":[],"class_list":{"0":"post-15941","1":"product","2":"type-product","3":"status-publish","4":"has-post-thumbnail","6":"product_cat-tillbehor-till-staket","7":"product_shipping_class-litet-paket","9":"first","10":"instock","11":"taxable","12":"shipping-taxable","13":"purchasable","14":"product-type-simple"},"acf":[],"_links":{"self":[{"href":"https:\/\/abpolar.ee\/sv\/wp-json\/wp\/v2\/product\/15941","targetHints":{"allow":["GET"]}}],"collection":[{"href":"https:\/\/abpolar.ee\/sv\/wp-json\/wp\/v2\/product"}],"about":[{"href":"https:\/\/abpolar.ee\/sv\/wp-json\/wp\/v2\/types\/product"}],"wp:featuredmedia":[{"embeddable":true,"href":"https:\/\/abpolar.ee\/sv\/wp-json\/wp\/v2\/media\/14999"}],"wp:attachment":[{"href":"https:\/\/abpolar.ee\/sv\/wp-json\/wp\/v2\/media?parent=15941"}],"wp:term":[{"taxonomy":"product_brand","embeddable":true,"href":"https:\/\/abpolar.ee\/sv\/wp-json\/wp\/v2\/product_brand?post=15941"},{"taxonomy":"product_cat","embeddable":true,"href":"https:\/\/abpolar.ee\/sv\/wp-json\/wp\/v2\/product_cat?post=15941"},{"taxonomy":"product_tag","embeddable":true,"href":"https:\/\/abpolar.ee\/sv\/wp-json\/wp\/v2\/product_tag?post=15941"}],"curies":[{"name":"wp","href":"https:\/\/api.w.org\/{rel}","templated":true}]}}