{"id":15949,"date":"2024-03-07T13:08:48","date_gmt":"2024-03-07T11:08:48","guid":{"rendered":"https:\/\/abpolar.ee\/?post_type=product&#038;p=15949"},"modified":"2025-01-16T12:27:04","modified_gmt":"2025-01-16T10:27:04","slug":"staketband-premium-19cm-26m-ral6005-gron","status":"publish","type":"product","link":"https:\/\/abpolar.ee\/sv\/produkt\/staketband-premium-19cm-26m-ral6005-gron\/","title":{"rendered":"Staketband Premium 19cm \/ 26m RAL6005 gr\u00f6n"},"content":{"rendered":"<h2>Staketband Premium 19cm \/ 26m RAL6005 gr\u00f6n<\/h2>\n<p>St\u00e4ngselremsan m\u00f6jligg\u00f6r integritet och skydd mot d\u00e5liga v\u00e4derf\u00f6rh\u00e5llanden. L\u00e4mplig f\u00f6r anv\u00e4ndning i n\u00e4tst\u00e4ngsel, panelst\u00e4ngsel, balkonger och m\u00e5nga andra staket. St\u00e4ngselbandet \u00e4r tillverkat av h\u00f6gkvalitativ dubbelskyddad WDB-plast, som \u00e4r resistent mot UV-str\u00e5lning utan att f\u00f6rlora sin ursprungliga f\u00e4rg, spricker inte vid b\u00f6jning, t\u00e5l b\u00e4ttre l\u00e5ga temperaturer och spricker inte under p\u00e5verkan av h\u00e5rd frost p\u00e5 grund av dess h\u00f6g flexibilitet. L\u00e4tt att installera &#8211; inga professionella verktyg kr\u00e4vs. Installation med Premium Line-f\u00e4sten (ing\u00e5r ej).<\/p>\n<p><strong>Diameter: 1,2 mm<\/strong><br \/>\n<strong>H\u00f6jd: 19 cm<\/strong><br \/>\n<strong>L\u00e4ngd: 26 m<\/strong><br \/>\n<strong>Totalt: 5 m2<\/strong><br \/>\n<strong>Material: Polypropen<\/strong><br \/>\n<strong>Vikt: 700 g\/m\u00b2<\/strong><br \/>\n<strong>F\u00e4rg: RAL6005 gr\u00f6n<\/strong><\/p>\n<p>&nbsp;<\/p>\n","protected":false},"excerpt":{"rendered":"<p>Staketband Premium 19cm \/ 26m RAL6005 gr\u00f6n St\u00e4ngselremsan m\u00f6jligg\u00f6r integritet och skydd mot d\u00e5liga v\u00e4derf\u00f6rh\u00e5llanden&#8230;.<\/p>\n","protected":false},"featured_media":13299,"template":"","meta":{"_acf_changed":false,"inline_featured_image":false},"product_brand":[],"product_cat":[463,371],"product_tag":[],"class_list":{"0":"post-15949","1":"product","2":"type-product","3":"status-publish","4":"has-post-thumbnail","6":"product_cat-fyndhorna","7":"product_cat-staket-och-tillbehor","8":"product_shipping_class-litet-paket","10":"first","11":"instock","12":"taxable","13":"shipping-taxable","14":"purchasable","15":"product-type-simple"},"acf":[],"_links":{"self":[{"href":"https:\/\/abpolar.ee\/sv\/wp-json\/wp\/v2\/product\/15949","targetHints":{"allow":["GET"]}}],"collection":[{"href":"https:\/\/abpolar.ee\/sv\/wp-json\/wp\/v2\/product"}],"about":[{"href":"https:\/\/abpolar.ee\/sv\/wp-json\/wp\/v2\/types\/product"}],"wp:featuredmedia":[{"embeddable":true,"href":"https:\/\/abpolar.ee\/sv\/wp-json\/wp\/v2\/media\/13299"}],"wp:attachment":[{"href":"https:\/\/abpolar.ee\/sv\/wp-json\/wp\/v2\/media?parent=15949"}],"wp:term":[{"taxonomy":"product_brand","embeddable":true,"href":"https:\/\/abpolar.ee\/sv\/wp-json\/wp\/v2\/product_brand?post=15949"},{"taxonomy":"product_cat","embeddable":true,"href":"https:\/\/abpolar.ee\/sv\/wp-json\/wp\/v2\/product_cat?post=15949"},{"taxonomy":"product_tag","embeddable":true,"href":"https:\/\/abpolar.ee\/sv\/wp-json\/wp\/v2\/product_tag?post=15949"}],"curies":[{"name":"wp","href":"https:\/\/api.w.org\/{rel}","templated":true}]}}