{"id":15965,"date":"2024-03-07T14:03:58","date_gmt":"2024-03-07T12:03:58","guid":{"rendered":"https:\/\/abpolar.ee\/?post_type=product&#038;p=15965"},"modified":"2025-01-16T14:08:44","modified_gmt":"2025-01-16T12:08:44","slug":"staketbandfaste-10-st-ral6005-gron","status":"publish","type":"product","link":"https:\/\/abpolar.ee\/sv\/produkt\/staketbandfaste-10-st-ral6005-gron\/","title":{"rendered":"Staketbandf\u00e4ste 10 st, RAL6005 gr\u00f6n"},"content":{"rendered":"<h2>Staketbandf\u00e4ste 10 st, RAL6005 gr\u00f6n<\/h2>\n<p>Stakettejpf\u00e4sten f\u00f6r att f\u00e4sta staketejp. Tillverkad av mycket slitstark PP-plast som t\u00e5l extrema v\u00e4derf\u00f6rh\u00e5llanden. De \u00e4r ocks\u00e5 resistenta mot UV-str\u00e5lning, tack vare vilken de beh\u00e5ller sitt estetiska utseende och ursprungliga f\u00e4rg l\u00e4ngre. Universalstorlek &#8211; passar 3 mm, 4 mm, 5 mm och 6 mm tejp.<\/p>\n<ul>\n<li><strong>H\u00f6jd: 19 cm<\/strong><\/li>\n<li><strong>Diameter: 2 mm<\/strong><\/li>\n<li><strong>Material: PP<\/strong><\/li>\n<li><strong>F\u00e4rg: RAL6005 gr\u00f6n<\/strong><\/li>\n<li><strong>10 st i ett set<\/strong><\/li>\n<\/ul>\n<p>&nbsp;<\/p>\n<p>Produkten \u00e4r enkel att installera och kan sk\u00e4ras i mindre bitar sj\u00e4lv.<\/p>\n<p>1. Placera tejpen mellan ledningarna.<br \/>\n2. Klipp bort \u00f6verfl\u00f6dig tejp fr\u00e5n b\u00e5da \u00e4ndarna och f\u00e4st tejpen p\u00e5 h\u00e5llaren.<br \/>\n3. F\u00e4st kl\u00e4mman och tejpen p\u00e5 tr\u00e5darna p\u00e5 staketpanelerna.<\/p>\n","protected":false},"excerpt":{"rendered":"<p>Staketbandf\u00e4ste 10 st, RAL6005 gr\u00f6n Stakettejpf\u00e4sten f\u00f6r att f\u00e4sta staketejp. Tillverkad av mycket slitstark PP-plast&#8230;<\/p>\n","protected":false},"featured_media":13339,"template":"","meta":{"_acf_changed":false,"inline_featured_image":false},"product_brand":[],"product_cat":[463,371],"product_tag":[],"class_list":{"0":"post-15965","1":"product","2":"type-product","3":"status-publish","4":"has-post-thumbnail","6":"product_cat-fyndhorna","7":"product_cat-staket-och-tillbehor","8":"product_shipping_class-litet-paket","10":"first","11":"instock","12":"taxable","13":"shipping-taxable","14":"purchasable","15":"product-type-simple"},"acf":[],"_links":{"self":[{"href":"https:\/\/abpolar.ee\/sv\/wp-json\/wp\/v2\/product\/15965","targetHints":{"allow":["GET"]}}],"collection":[{"href":"https:\/\/abpolar.ee\/sv\/wp-json\/wp\/v2\/product"}],"about":[{"href":"https:\/\/abpolar.ee\/sv\/wp-json\/wp\/v2\/types\/product"}],"wp:featuredmedia":[{"embeddable":true,"href":"https:\/\/abpolar.ee\/sv\/wp-json\/wp\/v2\/media\/13339"}],"wp:attachment":[{"href":"https:\/\/abpolar.ee\/sv\/wp-json\/wp\/v2\/media?parent=15965"}],"wp:term":[{"taxonomy":"product_brand","embeddable":true,"href":"https:\/\/abpolar.ee\/sv\/wp-json\/wp\/v2\/product_brand?post=15965"},{"taxonomy":"product_cat","embeddable":true,"href":"https:\/\/abpolar.ee\/sv\/wp-json\/wp\/v2\/product_cat?post=15965"},{"taxonomy":"product_tag","embeddable":true,"href":"https:\/\/abpolar.ee\/sv\/wp-json\/wp\/v2\/product_tag?post=15965"}],"curies":[{"name":"wp","href":"https:\/\/api.w.org\/{rel}","templated":true}]}}