{"id":18688,"date":"2025-12-22T14:00:33","date_gmt":"2025-12-22T12:00:33","guid":{"rendered":"https:\/\/abpolar.ee\/?post_type=product&#038;p=18688"},"modified":"2025-12-22T14:30:18","modified_gmt":"2025-12-22T12:30:18","slug":"fotgrindsram-1m-bred-locinox-las-varmforzinkad","status":"publish","type":"product","link":"https:\/\/abpolar.ee\/sv\/produkt\/fotgrindsram-1m-bred-locinox-las-varmforzinkad\/","title":{"rendered":"Fotgrindsram 1m bred LOCINOX-l\u00e5s, varmf\u00f6rzinkad"},"content":{"rendered":"<h2>Fotgrindsram 1m bred LOCINOX-l\u00e5s, varmf\u00f6rzinkad<\/h2>\n<p>Portkarmen kan t\u00e4ckas med valt material (skiva, tr\u00e4, panel) Grinden kan \u00f6ppnas b\u00e5de ut\u00e5t och in\u00e5t beroende p\u00e5 hur du installerar grindl\u00e5set. Stolparna och ramen p\u00e5 m\u00e5let \u00e4r gjorda av fyrh\u00f6rnigt st\u00e5l.<\/p>\n<ul>\n<li><strong>Ramh\u00f6jder: 0,95 m, 1,15 m, 1,45 m, 1,65 m, 1,95 m<\/strong><\/li>\n<li><strong>Bredden p\u00e5 grindramen \u00e4r 1 m<\/strong><\/li>\n<li><strong>M\u00e5lstolpen \u00e4r 70 cm l\u00e4ngre \u00e4n m\u00e5let<\/strong><\/li>\n<li><strong>M\u00e5tten p\u00e5 m\u00e5lstolpen \u00e4r 80 x 80 mm, stolpens v\u00e4ggtjocklek \u00e4r 2 mm<\/strong><\/li>\n<li><strong>M\u00e5tten p\u00e5 grindkarmen \u00e4r 60 x 40 mm och v\u00e4ggtjockleken \u00e4r 1,5 mm<\/strong><\/li>\n<li><strong>Setet inneh\u00e5ller: stolpar, grind, g\u00e5ngj\u00e4rn, handtag, locinoxl\u00e5s<\/strong><\/li>\n<\/ul>\n<p>Om du installerar en tr\u00e4skiva p\u00e5 denna grind, k\u00f6p en extra Locinox l\u00e5sram<\/p>\n","protected":false},"excerpt":{"rendered":"<p>Fotgrindsram 1m bred LOCINOX-l\u00e5s, varmf\u00f6rzinkad Portkarmen kan t\u00e4ckas med valt material (skiva, tr\u00e4, panel) Grinden&#8230;<\/p>\n","protected":false},"featured_media":10115,"template":"","meta":{"_acf_changed":false,"inline_featured_image":false},"product_brand":[],"product_cat":[492],"product_tag":[],"class_list":{"0":"post-18688","1":"product","2":"type-product","3":"status-publish","4":"has-post-thumbnail","6":"product_cat-grindar-for-fotgangare","8":"first","9":"instock","10":"taxable","11":"shipping-taxable","12":"purchasable","13":"product-type-variable"},"acf":[],"_links":{"self":[{"href":"https:\/\/abpolar.ee\/sv\/wp-json\/wp\/v2\/product\/18688","targetHints":{"allow":["GET"]}}],"collection":[{"href":"https:\/\/abpolar.ee\/sv\/wp-json\/wp\/v2\/product"}],"about":[{"href":"https:\/\/abpolar.ee\/sv\/wp-json\/wp\/v2\/types\/product"}],"wp:featuredmedia":[{"embeddable":true,"href":"https:\/\/abpolar.ee\/sv\/wp-json\/wp\/v2\/media\/10115"}],"wp:attachment":[{"href":"https:\/\/abpolar.ee\/sv\/wp-json\/wp\/v2\/media?parent=18688"}],"wp:term":[{"taxonomy":"product_brand","embeddable":true,"href":"https:\/\/abpolar.ee\/sv\/wp-json\/wp\/v2\/product_brand?post=18688"},{"taxonomy":"product_cat","embeddable":true,"href":"https:\/\/abpolar.ee\/sv\/wp-json\/wp\/v2\/product_cat?post=18688"},{"taxonomy":"product_tag","embeddable":true,"href":"https:\/\/abpolar.ee\/sv\/wp-json\/wp\/v2\/product_tag?post=18688"}],"curies":[{"name":"wp","href":"https:\/\/api.w.org\/{rel}","templated":true}]}}