{"id":18728,"date":"2026-01-06T14:00:46","date_gmt":"2026-01-06T12:00:46","guid":{"rendered":"https:\/\/abpolar.ee\/?post_type=product&#038;p=18728"},"modified":"2026-01-06T15:01:48","modified_gmt":"2026-01-06T13:01:48","slug":"dubbel-slaggrind-4-m-varmforzinkad-2","status":"publish","type":"product","link":"https:\/\/abpolar.ee\/sv\/produkt\/dubbel-slaggrind-4-m-varmforzinkad-2\/","title":{"rendered":"Dubbel slaggrind 4 m,\u00a0varmf\u00f6rzinkad"},"content":{"rendered":"<h2><strong>Dubbel slaggrind 4 m,\u00a0<\/strong>varmf\u00f6rzinkad<\/h2>\n<div class=\"ebT7ne sMVRZe\">\n<div class=\"F0pQVc\">\n<p>Ramen p\u00e5 bilporten med en bredd p\u00e5 ~4 m \u00e4r galvaniserad. Bilportsetet inneh\u00e5ller tv\u00e5 vingar, bredden p\u00e5 en vinge \u00e4r 2 m.<br \/>\nGrindramen kan t\u00e4ckas med det valda materialet (br\u00e4da, tr\u00e4, panel). Det \u00e4r m\u00f6jligt att f\u00e4sta automatik p\u00e5 slaggrinden.<br \/>\nPorten kan \u00f6ppnas b\u00e5de ut\u00e5t och in\u00e5t. Stolparna och ramen p\u00e5 m\u00e5let \u00e4r gjorda av fyrh\u00f6rnigt st\u00e5l.<\/p>\n<p>&nbsp;<\/p>\n<ul>\n<li><strong>H\u00f6jder: 0,95m, 1,15m, 1,45m, 1,65m, 1,95m<\/strong><\/li>\n<li><strong>Bredden p\u00e5 en vinge \u00e4r 2 m<\/strong><\/li>\n<li><strong>M\u00e5lstolpen \u00e4r 70 cm l\u00e4ngre \u00e4n m\u00e5let<\/strong><\/li>\n<li><strong>M\u00e5tten p\u00e5 m\u00e5lstolpen \u00e4r 80 x 80 mm, stolpens v\u00e4ggtjocklek \u00e4r 2 mm<\/strong><\/li>\n<li><strong>M\u00e5tten p\u00e5 grindkarmen \u00e4r 60 x 40 mm och v\u00e4ggtjockleken \u00e4r 1,5 mm<\/strong><\/li>\n<li><strong>Setet inneh\u00e5ller: stolpar, grind, g\u00e5ngj\u00e4rn.<\/strong><\/li>\n<\/ul>\n<p>M\u00c4T AVST\u00c5NDET MELLAN GRINDSTOLPARNA F\u00d6RE INSTALLATION!<\/p>\n<\/div>\n<\/div>\n","protected":false},"excerpt":{"rendered":"<p>Dubbel slaggrind 4 m,\u00a0varmf\u00f6rzinkad Ramen p\u00e5 bilporten med en bredd p\u00e5 ~4 m \u00e4r galvaniserad&#8230;.<\/p>\n","protected":false},"featured_media":10598,"template":"","meta":{"_acf_changed":false,"inline_featured_image":false},"product_brand":[],"product_cat":[491],"product_tag":[],"class_list":{"0":"post-18728","1":"product","2":"type-product","3":"status-publish","4":"has-post-thumbnail","6":"product_cat-dubbelgrind","8":"first","9":"instock","10":"taxable","11":"shipping-taxable","12":"purchasable","13":"product-type-variable"},"acf":[],"_links":{"self":[{"href":"https:\/\/abpolar.ee\/sv\/wp-json\/wp\/v2\/product\/18728","targetHints":{"allow":["GET"]}}],"collection":[{"href":"https:\/\/abpolar.ee\/sv\/wp-json\/wp\/v2\/product"}],"about":[{"href":"https:\/\/abpolar.ee\/sv\/wp-json\/wp\/v2\/types\/product"}],"wp:featuredmedia":[{"embeddable":true,"href":"https:\/\/abpolar.ee\/sv\/wp-json\/wp\/v2\/media\/10598"}],"wp:attachment":[{"href":"https:\/\/abpolar.ee\/sv\/wp-json\/wp\/v2\/media?parent=18728"}],"wp:term":[{"taxonomy":"product_brand","embeddable":true,"href":"https:\/\/abpolar.ee\/sv\/wp-json\/wp\/v2\/product_brand?post=18728"},{"taxonomy":"product_cat","embeddable":true,"href":"https:\/\/abpolar.ee\/sv\/wp-json\/wp\/v2\/product_cat?post=18728"},{"taxonomy":"product_tag","embeddable":true,"href":"https:\/\/abpolar.ee\/sv\/wp-json\/wp\/v2\/product_tag?post=18728"}],"curies":[{"name":"wp","href":"https:\/\/api.w.org\/{rel}","templated":true}]}}