{"id":18745,"date":"2025-09-11T12:00:38","date_gmt":"2025-09-11T09:00:38","guid":{"rendered":"https:\/\/abpolar.ee\/?post_type=product&#038;p=18745"},"modified":"2026-01-06T15:28:49","modified_gmt":"2026-01-06T13:28:49","slug":"staketstolpe-100x100x2500-vagg-3mm-ral7016-gra","status":"publish","type":"product","link":"https:\/\/abpolar.ee\/sv\/produkt\/staketstolpe-100x100x2500-vagg-3mm-ral7016-gra\/","title":{"rendered":"Staketstolpe 100x100x2500 v\u00e4gg 3mm RAL7016 gr\u00e5"},"content":{"rendered":"<h2>Staketstolpe 100x100x2500 v\u00e4gg 3mm RAL7016 gr\u00e5<\/h2>\n<p>Staketstolpen 100x100mm \u00e4r tillverkad av galvaniserat fyrkantsr\u00f6r och sedan pulverlackerad.<\/p>\n<p>Stolpens h\u00f6jd: 2500mm,<br \/>\nStolpens storlek: 100x100mm<br \/>\nStolpens v\u00e4ggtjocklek: 3mm<br \/>\nMaterial: metall + pulverlack RAL7016 gr\u00e5<br \/>\nSatsen inneh\u00e5ller en stolpk\u00e5pa<\/p>\n","protected":false},"excerpt":{"rendered":"<p>Staketstolpe 100x100x2500 v\u00e4gg 3mm RAL7016 gr\u00e5 Staketstolpen 100x100mm \u00e4r tillverkad av galvaniserat fyrkantsr\u00f6r och sedan&#8230;<\/p>\n","protected":false},"featured_media":10157,"template":"","meta":{"_acf_changed":false,"inline_featured_image":false},"product_brand":[],"product_cat":[474],"product_tag":[],"class_list":{"0":"post-18745","1":"product","2":"type-product","3":"status-publish","4":"has-post-thumbnail","6":"product_cat-staket-stolpe","7":"product_shipping_class-paket-upp-till-30kg","9":"first","10":"instock","11":"taxable","12":"shipping-taxable","13":"purchasable","14":"product-type-simple"},"acf":[],"_links":{"self":[{"href":"https:\/\/abpolar.ee\/sv\/wp-json\/wp\/v2\/product\/18745","targetHints":{"allow":["GET"]}}],"collection":[{"href":"https:\/\/abpolar.ee\/sv\/wp-json\/wp\/v2\/product"}],"about":[{"href":"https:\/\/abpolar.ee\/sv\/wp-json\/wp\/v2\/types\/product"}],"wp:featuredmedia":[{"embeddable":true,"href":"https:\/\/abpolar.ee\/sv\/wp-json\/wp\/v2\/media\/10157"}],"wp:attachment":[{"href":"https:\/\/abpolar.ee\/sv\/wp-json\/wp\/v2\/media?parent=18745"}],"wp:term":[{"taxonomy":"product_brand","embeddable":true,"href":"https:\/\/abpolar.ee\/sv\/wp-json\/wp\/v2\/product_brand?post=18745"},{"taxonomy":"product_cat","embeddable":true,"href":"https:\/\/abpolar.ee\/sv\/wp-json\/wp\/v2\/product_cat?post=18745"},{"taxonomy":"product_tag","embeddable":true,"href":"https:\/\/abpolar.ee\/sv\/wp-json\/wp\/v2\/product_tag?post=18745"}],"curies":[{"name":"wp","href":"https:\/\/api.w.org\/{rel}","templated":true}]}}