{"id":18748,"date":"2025-05-02T10:00:05","date_gmt":"2025-05-02T07:00:05","guid":{"rendered":"https:\/\/abpolar.ee\/?post_type=product&#038;p=18748"},"modified":"2026-01-06T15:33:07","modified_gmt":"2026-01-06T13:33:07","slug":"panelklamma-40x60mm-for-stolpe-plast-gron","status":"publish","type":"product","link":"https:\/\/abpolar.ee\/sv\/produkt\/panelklamma-40x60mm-for-stolpe-plast-gron\/","title":{"rendered":"Panelkl\u00e4mma 40x60mm f\u00f6r stolpe (plast) gr\u00f6n"},"content":{"rendered":"<h2>Panelkl\u00e4mma 40x60mm f\u00f6r stolpe (plast) gr\u00f6n<\/h2>\n<p>Anv\u00e4nds f\u00f6r att f\u00e4sta svetsade paneler p\u00e5 stolpen.<\/p>\n","protected":false},"excerpt":{"rendered":"<p>Panelkl\u00e4mma 40x60mm f\u00f6r stolpe (plast) gr\u00f6n Anv\u00e4nds f\u00f6r att f\u00e4sta svetsade paneler p\u00e5 stolpen.<\/p>\n","protected":false},"featured_media":17062,"template":"","meta":{"_acf_changed":false,"inline_featured_image":false},"product_brand":[],"product_cat":[475],"product_tag":[],"class_list":{"0":"post-18748","1":"product","2":"type-product","3":"status-publish","4":"has-post-thumbnail","6":"product_cat-tillbehor-till-staket","7":"product_shipping_class-litet-paket","9":"first","10":"instock","11":"taxable","12":"shipping-taxable","13":"purchasable","14":"product-type-simple"},"acf":[],"_links":{"self":[{"href":"https:\/\/abpolar.ee\/sv\/wp-json\/wp\/v2\/product\/18748","targetHints":{"allow":["GET"]}}],"collection":[{"href":"https:\/\/abpolar.ee\/sv\/wp-json\/wp\/v2\/product"}],"about":[{"href":"https:\/\/abpolar.ee\/sv\/wp-json\/wp\/v2\/types\/product"}],"wp:featuredmedia":[{"embeddable":true,"href":"https:\/\/abpolar.ee\/sv\/wp-json\/wp\/v2\/media\/17062"}],"wp:attachment":[{"href":"https:\/\/abpolar.ee\/sv\/wp-json\/wp\/v2\/media?parent=18748"}],"wp:term":[{"taxonomy":"product_brand","embeddable":true,"href":"https:\/\/abpolar.ee\/sv\/wp-json\/wp\/v2\/product_brand?post=18748"},{"taxonomy":"product_cat","embeddable":true,"href":"https:\/\/abpolar.ee\/sv\/wp-json\/wp\/v2\/product_cat?post=18748"},{"taxonomy":"product_tag","embeddable":true,"href":"https:\/\/abpolar.ee\/sv\/wp-json\/wp\/v2\/product_tag?post=18748"}],"curies":[{"name":"wp","href":"https:\/\/api.w.org\/{rel}","templated":true}]}}