{"id":18750,"date":"2024-08-07T13:01:04","date_gmt":"2024-08-07T10:01:04","guid":{"rendered":"https:\/\/abpolar.ee\/?post_type=product&#038;p=18750"},"modified":"2026-01-06T15:39:53","modified_gmt":"2026-01-06T13:39:53","slug":"skuggduk-15x25m-90-140-m2-gron","status":"publish","type":"product","link":"https:\/\/abpolar.ee\/sv\/produkt\/skuggduk-15x25m-90-140-m2-gron\/","title":{"rendered":"Skuggduk 1,5x25m, 90%, 140\/m2, gr\u00f6n"},"content":{"rendered":"<h2>Skuggduk 1,5x25m, 90%, 140\/m2, gr\u00f6n<\/h2>\n<p>Skuggduk kan anv\u00e4ndas p\u00e5 m\u00e5nga s\u00e4tt, var vi \u00e4n vill uppn\u00e5 avskildhet, skuggning, skydd mot vind och f\u00f6roreningar eller som ett v\u00e4xtskydd eller buffert som skyddar mot vind och kyla, utan att blockera tillg\u00e5ngen till solljus.<\/p>\n<p>90% skuggning ger tillr\u00e4cklig visuell isolering, samtidigt som den bibeh\u00e5ller delvis ljusgenomsl\u00e4pp. Tack vare detta fungerar skuggdukar perfekt inte bara n\u00e4r de installeras p\u00e5 tr\u00e4dg\u00e5rdspaneler, utan \u00e4ven p\u00e5 terrasser och balkonger.<br \/>\nTack vare UV-skydd f\u00f6rsvagas inte fibrerna och tyget f\u00f6rlorar inte sina egenskaper med tiden, och materialets vattenbest\u00e4ndighet g\u00f6r dem extremt enkla att underh\u00e5lla.<\/p>\n<p>skydd av fastigheter, tr\u00e4dg\u00e5rdar, balkonger och terrasser,<br \/>\nvegetationst\u00e4cke, rabatter och rabatter,<br \/>\ntakl\u00e4ggning av terrasser, skjul och lusthus, begr\u00e4nsning av solljus,<br \/>\nestetisk t\u00e4ckning av soptunnor, kompostl\u00e5dor etc.,<br \/>\nskydd av byggarbetsplatser,<br \/>\ns\u00e4kerhet f\u00f6r idrottsanl\u00e4ggningar,<br \/>\nt\u00e4ckning av parkeringsplatser,<br \/>\noch m\u00e5nga andra.<br \/>\nSPECIFIKATION:<br \/>\nh\u00f6jd: 1,5 m<br \/>\nl\u00e4ngd: 25 m<br \/>\nf\u00e4rg gr\u00f6n<br \/>\nutrustad med f\u00e4st\u00f6glor<br \/>\nskuggningsgrad: 90 %<br \/>\nvikt: 140 g\/m\u00b2<br \/>\nhar UV-stabilisator<\/p>\n","protected":false},"excerpt":{"rendered":"<p>Skuggduk 1,5x25m, 90%, 140\/m2, gr\u00f6n Skuggduk kan anv\u00e4ndas p\u00e5 m\u00e5nga s\u00e4tt, var vi \u00e4n vill&#8230;<\/p>\n","protected":false},"featured_media":14832,"template":"","meta":{"_acf_changed":false,"inline_featured_image":false},"product_brand":[],"product_cat":[501],"product_tag":[],"class_list":{"0":"post-18750","1":"product","2":"type-product","3":"status-publish","4":"has-post-thumbnail","6":"product_cat-tradgardsvaror","7":"product_shipping_class-paket-upp-till-30kg","9":"first","10":"instock","11":"taxable","12":"shipping-taxable","13":"purchasable","14":"product-type-simple"},"acf":[],"_links":{"self":[{"href":"https:\/\/abpolar.ee\/sv\/wp-json\/wp\/v2\/product\/18750","targetHints":{"allow":["GET"]}}],"collection":[{"href":"https:\/\/abpolar.ee\/sv\/wp-json\/wp\/v2\/product"}],"about":[{"href":"https:\/\/abpolar.ee\/sv\/wp-json\/wp\/v2\/types\/product"}],"wp:featuredmedia":[{"embeddable":true,"href":"https:\/\/abpolar.ee\/sv\/wp-json\/wp\/v2\/media\/14832"}],"wp:attachment":[{"href":"https:\/\/abpolar.ee\/sv\/wp-json\/wp\/v2\/media?parent=18750"}],"wp:term":[{"taxonomy":"product_brand","embeddable":true,"href":"https:\/\/abpolar.ee\/sv\/wp-json\/wp\/v2\/product_brand?post=18750"},{"taxonomy":"product_cat","embeddable":true,"href":"https:\/\/abpolar.ee\/sv\/wp-json\/wp\/v2\/product_cat?post=18750"},{"taxonomy":"product_tag","embeddable":true,"href":"https:\/\/abpolar.ee\/sv\/wp-json\/wp\/v2\/product_tag?post=18750"}],"curies":[{"name":"wp","href":"https:\/\/api.w.org\/{rel}","templated":true}]}}