{"id":18752,"date":"2025-02-13T10:00:34","date_gmt":"2025-02-13T08:00:34","guid":{"rendered":"https:\/\/abpolar.ee\/?post_type=product&#038;p=18752"},"modified":"2026-01-06T16:12:41","modified_gmt":"2026-01-06T14:12:41","slug":"locinox-laskarm-for-grindkarm-gron","status":"publish","type":"product","link":"https:\/\/abpolar.ee\/sv\/produkt\/locinox-laskarm-for-grindkarm-gron\/","title":{"rendered":"Locinox l\u00e5skarm f\u00f6r grindkarm GR\u00d6N"},"content":{"rendered":"<h2>Locinox l\u00e5skarm f\u00f6r grindkarm GR\u00d6N<\/h2>\n<p>Denna produkt \u00e4r l\u00e4mplig f\u00f6r en gr\u00f6n grindkarm. Kr\u00e4vs om du monterar en tr\u00e4skiva p\u00e5 grindkarmen.<\/p>\n<p>Produktf\u00e4rg RAL6005 gr\u00f6n<\/p>\n","protected":false},"excerpt":{"rendered":"<p>Locinox l\u00e5skarm f\u00f6r grindkarm GR\u00d6N Denna produkt \u00e4r l\u00e4mplig f\u00f6r en gr\u00f6n grindkarm. Kr\u00e4vs om&#8230;<\/p>\n","protected":false},"featured_media":16334,"template":"","meta":{"_acf_changed":false,"inline_featured_image":false},"product_brand":[],"product_cat":[475],"product_tag":[],"class_list":{"0":"post-18752","1":"product","2":"type-product","3":"status-publish","4":"has-post-thumbnail","6":"product_cat-tillbehor-till-staket","7":"product_shipping_class-litet-paket","9":"first","10":"instock","11":"taxable","12":"shipping-taxable","13":"purchasable","14":"product-type-simple"},"acf":[],"_links":{"self":[{"href":"https:\/\/abpolar.ee\/sv\/wp-json\/wp\/v2\/product\/18752","targetHints":{"allow":["GET"]}}],"collection":[{"href":"https:\/\/abpolar.ee\/sv\/wp-json\/wp\/v2\/product"}],"about":[{"href":"https:\/\/abpolar.ee\/sv\/wp-json\/wp\/v2\/types\/product"}],"wp:featuredmedia":[{"embeddable":true,"href":"https:\/\/abpolar.ee\/sv\/wp-json\/wp\/v2\/media\/16334"}],"wp:attachment":[{"href":"https:\/\/abpolar.ee\/sv\/wp-json\/wp\/v2\/media?parent=18752"}],"wp:term":[{"taxonomy":"product_brand","embeddable":true,"href":"https:\/\/abpolar.ee\/sv\/wp-json\/wp\/v2\/product_brand?post=18752"},{"taxonomy":"product_cat","embeddable":true,"href":"https:\/\/abpolar.ee\/sv\/wp-json\/wp\/v2\/product_cat?post=18752"},{"taxonomy":"product_tag","embeddable":true,"href":"https:\/\/abpolar.ee\/sv\/wp-json\/wp\/v2\/product_tag?post=18752"}],"curies":[{"name":"wp","href":"https:\/\/api.w.org\/{rel}","templated":true}]}}