{"id":18754,"date":"2024-03-07T14:00:21","date_gmt":"2024-03-07T12:00:21","guid":{"rendered":"https:\/\/abpolar.ee\/?post_type=product&#038;p=18754"},"modified":"2026-01-06T16:18:32","modified_gmt":"2026-01-06T14:18:32","slug":"rabattkant-i-rulle-4-cm-10-m-ral9005-20-fastspikar","status":"publish","type":"product","link":"https:\/\/abpolar.ee\/sv\/produkt\/rabattkant-i-rulle-4-cm-10-m-ral9005-20-fastspikar\/","title":{"rendered":"Rabattkant i rulle 4 cm 10 m RAL9005 + 20 f\u00e4stspikar"},"content":{"rendered":"<h2>Rabattkant i rulle 4 cm 10 m RAL9005 + 20 f\u00e4stspikar<\/h2>\n<p>Rabattkanten\/gr\u00e4smattakanten ger n\u00e4stan obegr\u00e4nsade m\u00f6jligheter f\u00f6r planering, design och arrangemang av tr\u00e4dg\u00e5rdsomr\u00e5det.<br \/>\nRabattkanten \u00e4r tillverkad av flexibelt material, vilket g\u00f6r att du kan skapa alla former och skiljelinjer, och tack vare sin h\u00e5llbarhet \u00e4r den idealisk f\u00f6r privata tr\u00e4dg\u00e5rdar, parker och offentliga platser.<br \/>\nGr\u00e4smattakanten \u00e4r tillverkad av h\u00f6gkvalitativt, helt \u00e5tervunnet material. Kanterna \u00e4r milj\u00f6v\u00e4nliga och samtidigt starka och h\u00e5llbara &#8211; de \u00e4r resistenta mot b\u00e5de h\u00f6ga och l\u00e5ga temperaturer, kemikalier och v\u00e4xtskyddsmedel.<\/p>\n<p>L\u00e4ngd: 10 m<br \/>\nH\u00f6jd: 4 cm<br \/>\nMaterial: \u00e5tervunnen PE<br \/>\nF\u00e4stning: med spik<br \/>\nAntal spikar: 20 st<br \/>\nSpikl\u00e4ngd: 18 cm<br \/>\nF\u00e4rg: svart RAL 9005<\/p>\n","protected":false},"excerpt":{"rendered":"<p>Rabattkant i rulle 4 cm 10 m RAL9005 + 20 f\u00e4stspikar Rabattkanten\/gr\u00e4smattakanten ger n\u00e4stan obegr\u00e4nsade&#8230;<\/p>\n","protected":false},"featured_media":13346,"template":"","meta":{"_acf_changed":false,"inline_featured_image":false},"product_brand":[],"product_cat":[531,501],"product_tag":[],"class_list":{"0":"post-18754","1":"product","2":"type-product","3":"status-publish","4":"has-post-thumbnail","6":"product_cat-rabattkanter","7":"product_cat-tradgardsvaror","8":"product_shipping_class-litet-paket","10":"first","11":"instock","12":"taxable","13":"shipping-taxable","14":"purchasable","15":"product-type-simple"},"acf":[],"_links":{"self":[{"href":"https:\/\/abpolar.ee\/sv\/wp-json\/wp\/v2\/product\/18754","targetHints":{"allow":["GET"]}}],"collection":[{"href":"https:\/\/abpolar.ee\/sv\/wp-json\/wp\/v2\/product"}],"about":[{"href":"https:\/\/abpolar.ee\/sv\/wp-json\/wp\/v2\/types\/product"}],"wp:featuredmedia":[{"embeddable":true,"href":"https:\/\/abpolar.ee\/sv\/wp-json\/wp\/v2\/media\/13346"}],"wp:attachment":[{"href":"https:\/\/abpolar.ee\/sv\/wp-json\/wp\/v2\/media?parent=18754"}],"wp:term":[{"taxonomy":"product_brand","embeddable":true,"href":"https:\/\/abpolar.ee\/sv\/wp-json\/wp\/v2\/product_brand?post=18754"},{"taxonomy":"product_cat","embeddable":true,"href":"https:\/\/abpolar.ee\/sv\/wp-json\/wp\/v2\/product_cat?post=18754"},{"taxonomy":"product_tag","embeddable":true,"href":"https:\/\/abpolar.ee\/sv\/wp-json\/wp\/v2\/product_tag?post=18754"}],"curies":[{"name":"wp","href":"https:\/\/api.w.org\/{rel}","templated":true}]}}