{"id":18756,"date":"2024-03-01T13:05:46","date_gmt":"2024-03-01T11:05:46","guid":{"rendered":"https:\/\/abpolar.ee\/?post_type=product&#038;p=18756"},"modified":"2026-01-06T16:21:24","modified_gmt":"2026-01-06T14:21:24","slug":"basram-for-vaxthus-klassik-25x4m","status":"publish","type":"product","link":"https:\/\/abpolar.ee\/sv\/produkt\/basram-for-vaxthus-klassik-25x4m\/","title":{"rendered":"Basram f\u00f6r v\u00e4xthus KLASSIK 2,5x4m"},"content":{"rendered":"<h2>Basram f\u00f6r v\u00e4xthus KLASSIK 2,5x4m<\/h2>\n<p>Grundramen \u00e4r tillverkad av galvaniserad st\u00e5lprofil 89\u00d740 mm. T-formade ben \u00e4r tillverkade av galvaniserad st\u00e5lprofil 40\u00d740 mm.<\/p>\n<p>L\u00e4mplig f\u00f6r v\u00e4xthus Klassik 2,5\u00d74m.<\/p>\n<p>\u2022 Ramen \u00e4r helt avtagbar<br \/>\n\u2022 6 ankare (T-formade)<br \/>\n\u2022 skruvar<\/p>\n","protected":false},"excerpt":{"rendered":"<p>Basram f\u00f6r v\u00e4xthus KLASSIK 2,5x4m Grundramen \u00e4r tillverkad av galvaniserad st\u00e5lprofil 89\u00d740 mm. T-formade ben&#8230;<\/p>\n","protected":false},"featured_media":13184,"template":"","meta":{"_acf_changed":false,"inline_featured_image":false},"product_brand":[],"product_cat":[472,520,515],"product_tag":[],"class_list":{"0":"post-18756","1":"product","2":"type-product","3":"status-publish","4":"has-post-thumbnail","6":"product_cat-vaxthus","7":"product_cat-vaxthus-med-snedtak","8":"product_cat-vaxthus-tillbehor","9":"product_shipping_class-paket-upp-till-30kg","11":"first","12":"instock","13":"taxable","14":"shipping-taxable","15":"purchasable","16":"product-type-simple"},"acf":[],"_links":{"self":[{"href":"https:\/\/abpolar.ee\/sv\/wp-json\/wp\/v2\/product\/18756","targetHints":{"allow":["GET"]}}],"collection":[{"href":"https:\/\/abpolar.ee\/sv\/wp-json\/wp\/v2\/product"}],"about":[{"href":"https:\/\/abpolar.ee\/sv\/wp-json\/wp\/v2\/types\/product"}],"wp:featuredmedia":[{"embeddable":true,"href":"https:\/\/abpolar.ee\/sv\/wp-json\/wp\/v2\/media\/13184"}],"wp:attachment":[{"href":"https:\/\/abpolar.ee\/sv\/wp-json\/wp\/v2\/media?parent=18756"}],"wp:term":[{"taxonomy":"product_brand","embeddable":true,"href":"https:\/\/abpolar.ee\/sv\/wp-json\/wp\/v2\/product_brand?post=18756"},{"taxonomy":"product_cat","embeddable":true,"href":"https:\/\/abpolar.ee\/sv\/wp-json\/wp\/v2\/product_cat?post=18756"},{"taxonomy":"product_tag","embeddable":true,"href":"https:\/\/abpolar.ee\/sv\/wp-json\/wp\/v2\/product_tag?post=18756"}],"curies":[{"name":"wp","href":"https:\/\/api.w.org\/{rel}","templated":true}]}}